{"id":8122,"date":"2023-02-01T02:20:45","date_gmt":"2023-02-01T07:20:45","guid":{"rendered":"http:\/\/funparty.ca\/?post_type=product&#038;p=8122"},"modified":"2025-12-29T11:48:18","modified_gmt":"2025-12-29T16:48:18","slug":"la-reine-des-neiges","status":"publish","type":"product","link":"https:\/\/funparty.ca\/en\/product\/la-reine-des-neiges\/","title":{"rendered":"La Reine des Neiges"},"content":{"rendered":"","protected":false},"excerpt":{"rendered":"<p><em><strong><span style=\"color: #9734fa;\">Ce jeux gonflable est destin\u00e9 \u00e0 un usage r\u00e9sidentiel UNIQUEMENT.<\/span><\/strong><\/em><\/p>\n<p><em><strong><span style=\"color: #9734fa;\">Transport : taille d&#8217;un sac de hockey, rentre dans n&#8217;importe quel auto.<\/span><\/strong><\/em><br \/>\n<em><strong><span style=\"color: #9734fa;\">Livraison et installation NON incluses (veuillez contacter pour le prix)<\/span><\/strong><\/em><\/p>\n<ul>\n<li>Pompe incluse<\/li>\n<li>Se gonfle en moins de 3 minutes. installation facile par une seule personne<\/li>\n<li>Utilisation int\u00e9rieure et ext\u00e9rieure<\/li>\n<li>Taille gonfl\u00e9e : 11.4 ft L x 13.1 ft W x 9.1 ft H<\/li>\n<li>\u00c2ge : 2 \u00e0 10 ans (80 livres maximum)<\/li>\n<\/ul>\n","protected":false},"featured_media":8124,"template":"","meta":{"_yoast_wpseo_focuskw":"","_yoast_wpseo_title":"","_yoast_wpseo_metadesc":"","_yoast_wpseo_meta-robots-noindex":"","_yoast_wpseo_meta-robots-nofollow":"","_yoast_wpseo_canonical":""},"product_brand":[],"product_cat":[15],"product_tag":[],"collection":[],"usage":[],"age":[],"size":[],"water":[],"location":[],"price":[],"challenge":[],"colour":[],"class_list":{"0":"post-8122","1":"product","2":"type-product","3":"status-publish","4":"has-post-thumbnail","6":"product_cat-uncategorized","7":"tm-no-options","9":"first","10":"instock","11":"virtual","12":"taxable","13":"purchasable","14":"product-type-simple"},"yoast_head":"<!-- This site is optimized with the Yoast SEO plugin v27.4 - https:\/\/yoast.com\/product\/yoast-seo-wordpress\/ -->\n<title>La Reine des Neiges - Fun Party - Location de Mascotte et Jeux Gonflables au Quebec<\/title>\n<meta name=\"robots\" content=\"index, follow, max-snippet:-1, max-image-preview:large, max-video-preview:-1\" \/>\n<link rel=\"canonical\" href=\"https:\/\/funparty.ca\/en\/product\/la-reine-des-neiges\/\" \/>\n<meta property=\"og:locale\" content=\"en_US\" \/>\n<meta property=\"og:type\" content=\"article\" \/>\n<meta property=\"og:title\" content=\"La Reine des Neiges - Fun Party - Location de Mascotte et Jeux Gonflables au Quebec\" \/>\n<meta property=\"og:description\" content=\"Ce jeux gonflable est destin\u00e9 \u00e0 un usage r\u00e9sidentiel UNIQUEMENT.  Transport : taille d&#039;un sac de hockey, rentre dans n&#039;importe quel auto. Livraison et installation NON incluses (veuillez contacter pour le prix)   Pompe incluse  Se gonfle en moins de 3 minutes. installation facile par une seule personne  Utilisation int\u00e9rieure et ext\u00e9rieure  Taille gonfl\u00e9e : 11.4 ft L x 13.1 ft W x 9.1 ft H  \u00c2ge : 2 \u00e0 10 ans (80 livres maximum)\" \/>\n<meta property=\"og:url\" content=\"https:\/\/funparty.ca\/en\/product\/la-reine-des-neiges\/\" \/>\n<meta property=\"og:site_name\" content=\"Fun Party - Location de Mascotte et Jeux Gonflables au Quebec\" \/>\n<meta property=\"article:modified_time\" content=\"2025-12-29T16:48:18+00:00\" \/>\n<meta property=\"og:image\" content=\"https:\/\/funparty.ca\/wp-content\/uploads\/2023\/02\/Frozen-La-Reine-des-Neiges-1024x1024.png\" \/>\n\t<meta property=\"og:image:width\" content=\"1024\" \/>\n\t<meta property=\"og:image:height\" content=\"1024\" \/>\n\t<meta property=\"og:image:type\" content=\"image\/png\" \/>\n<meta name=\"twitter:card\" content=\"summary_large_image\" \/>\n<script type=\"application\/ld+json\" class=\"yoast-schema-graph\">{\"@context\":\"https:\\\/\\\/schema.org\",\"@graph\":[{\"@type\":[\"WebPage\",\"ItemPage\"],\"@id\":\"https:\\\/\\\/funparty.ca\\\/en\\\/product\\\/la-reine-des-neiges\\\/\",\"url\":\"https:\\\/\\\/funparty.ca\\\/en\\\/product\\\/la-reine-des-neiges\\\/\",\"name\":\"La Reine des Neiges - Fun Party - Location de Mascotte et Jeux Gonflables au Quebec\",\"isPartOf\":{\"@id\":\"https:\\\/\\\/funparty.ca\\\/en\\\/#website\"},\"primaryImageOfPage\":{\"@id\":\"https:\\\/\\\/funparty.ca\\\/en\\\/product\\\/la-reine-des-neiges\\\/#primaryimage\"},\"image\":{\"@id\":\"https:\\\/\\\/funparty.ca\\\/en\\\/product\\\/la-reine-des-neiges\\\/#primaryimage\"},\"thumbnailUrl\":\"https:\\\/\\\/funparty.ca\\\/wp-content\\\/uploads\\\/2023\\\/02\\\/Frozen-La-Reine-des-Neiges.png\",\"datePublished\":\"2023-02-01T07:20:45+00:00\",\"dateModified\":\"2025-12-29T16:48:18+00:00\",\"breadcrumb\":{\"@id\":\"https:\\\/\\\/funparty.ca\\\/en\\\/product\\\/la-reine-des-neiges\\\/#breadcrumb\"},\"inLanguage\":\"en-US\",\"potentialAction\":[{\"@type\":\"ReadAction\",\"target\":[\"https:\\\/\\\/funparty.ca\\\/en\\\/product\\\/la-reine-des-neiges\\\/\"]}]},{\"@type\":\"ImageObject\",\"inLanguage\":\"en-US\",\"@id\":\"https:\\\/\\\/funparty.ca\\\/en\\\/product\\\/la-reine-des-neiges\\\/#primaryimage\",\"url\":\"https:\\\/\\\/funparty.ca\\\/wp-content\\\/uploads\\\/2023\\\/02\\\/Frozen-La-Reine-des-Neiges.png\",\"contentUrl\":\"https:\\\/\\\/funparty.ca\\\/wp-content\\\/uploads\\\/2023\\\/02\\\/Frozen-La-Reine-des-Neiges.png\",\"width\":1598,\"height\":1598},{\"@type\":\"BreadcrumbList\",\"@id\":\"https:\\\/\\\/funparty.ca\\\/en\\\/product\\\/la-reine-des-neiges\\\/#breadcrumb\",\"itemListElement\":[{\"@type\":\"ListItem\",\"position\":1,\"name\":\"Home\",\"item\":\"https:\\\/\\\/funparty.ca\\\/en\\\/\"},{\"@type\":\"ListItem\",\"position\":2,\"name\":\"Shop\",\"item\":\"https:\\\/\\\/funparty.ca\\\/en\\\/shop\\\/\"},{\"@type\":\"ListItem\",\"position\":3,\"name\":\"La Reine des Neiges\"}]},{\"@type\":\"WebSite\",\"@id\":\"https:\\\/\\\/funparty.ca\\\/en\\\/#website\",\"url\":\"https:\\\/\\\/funparty.ca\\\/en\\\/\",\"name\":\"Fun Party - Location de Mascotte et Jeux Gonflables au Quebec\",\"description\":\"Location de mascottes et Jeux Gonflables a Montreal, Mascottes a louer, animation mascotte, mascottes a Montreal\",\"potentialAction\":[{\"@type\":\"SearchAction\",\"target\":{\"@type\":\"EntryPoint\",\"urlTemplate\":\"https:\\\/\\\/funparty.ca\\\/en\\\/?s={search_term_string}\"},\"query-input\":{\"@type\":\"PropertyValueSpecification\",\"valueRequired\":true,\"valueName\":\"search_term_string\"}}],\"inLanguage\":\"en-US\"}]}<\/script>\n<!-- \/ Yoast SEO plugin. -->","yoast_head_json":{"title":"La Reine des Neiges - Fun Party - Location de Mascotte et Jeux Gonflables au Quebec","robots":{"index":"index","follow":"follow","max-snippet":"max-snippet:-1","max-image-preview":"max-image-preview:large","max-video-preview":"max-video-preview:-1"},"canonical":"https:\/\/funparty.ca\/en\/product\/la-reine-des-neiges\/","og_locale":"en_US","og_type":"article","og_title":"La Reine des Neiges - Fun Party - Location de Mascotte et Jeux Gonflables au Quebec","og_description":"Ce jeux gonflable est destin\u00e9 \u00e0 un usage r\u00e9sidentiel UNIQUEMENT.  Transport : taille d'un sac de hockey, rentre dans n'importe quel auto. Livraison et installation NON incluses (veuillez contacter pour le prix)   Pompe incluse  Se gonfle en moins de 3 minutes. installation facile par une seule personne  Utilisation int\u00e9rieure et ext\u00e9rieure  Taille gonfl\u00e9e : 11.4 ft L x 13.1 ft W x 9.1 ft H  \u00c2ge : 2 \u00e0 10 ans (80 livres maximum)","og_url":"https:\/\/funparty.ca\/en\/product\/la-reine-des-neiges\/","og_site_name":"Fun Party - Location de Mascotte et Jeux Gonflables au Quebec","article_modified_time":"2025-12-29T16:48:18+00:00","og_image":[{"width":1024,"height":1024,"url":"https:\/\/funparty.ca\/wp-content\/uploads\/2023\/02\/Frozen-La-Reine-des-Neiges-1024x1024.png","type":"image\/png"}],"twitter_card":"summary_large_image","schema":{"@context":"https:\/\/schema.org","@graph":[{"@type":["WebPage","ItemPage"],"@id":"https:\/\/funparty.ca\/en\/product\/la-reine-des-neiges\/","url":"https:\/\/funparty.ca\/en\/product\/la-reine-des-neiges\/","name":"La Reine des Neiges - Fun Party - Location de Mascotte et Jeux Gonflables au Quebec","isPartOf":{"@id":"https:\/\/funparty.ca\/en\/#website"},"primaryImageOfPage":{"@id":"https:\/\/funparty.ca\/en\/product\/la-reine-des-neiges\/#primaryimage"},"image":{"@id":"https:\/\/funparty.ca\/en\/product\/la-reine-des-neiges\/#primaryimage"},"thumbnailUrl":"https:\/\/funparty.ca\/wp-content\/uploads\/2023\/02\/Frozen-La-Reine-des-Neiges.png","datePublished":"2023-02-01T07:20:45+00:00","dateModified":"2025-12-29T16:48:18+00:00","breadcrumb":{"@id":"https:\/\/funparty.ca\/en\/product\/la-reine-des-neiges\/#breadcrumb"},"inLanguage":"en-US","potentialAction":[{"@type":"ReadAction","target":["https:\/\/funparty.ca\/en\/product\/la-reine-des-neiges\/"]}]},{"@type":"ImageObject","inLanguage":"en-US","@id":"https:\/\/funparty.ca\/en\/product\/la-reine-des-neiges\/#primaryimage","url":"https:\/\/funparty.ca\/wp-content\/uploads\/2023\/02\/Frozen-La-Reine-des-Neiges.png","contentUrl":"https:\/\/funparty.ca\/wp-content\/uploads\/2023\/02\/Frozen-La-Reine-des-Neiges.png","width":1598,"height":1598},{"@type":"BreadcrumbList","@id":"https:\/\/funparty.ca\/en\/product\/la-reine-des-neiges\/#breadcrumb","itemListElement":[{"@type":"ListItem","position":1,"name":"Home","item":"https:\/\/funparty.ca\/en\/"},{"@type":"ListItem","position":2,"name":"Shop","item":"https:\/\/funparty.ca\/en\/shop\/"},{"@type":"ListItem","position":3,"name":"La Reine des Neiges"}]},{"@type":"WebSite","@id":"https:\/\/funparty.ca\/en\/#website","url":"https:\/\/funparty.ca\/en\/","name":"Fun Party - Location de Mascotte et Jeux Gonflables au Quebec","description":"Location de mascottes et Jeux Gonflables a Montreal, Mascottes a louer, animation mascotte, mascottes a Montreal","potentialAction":[{"@type":"SearchAction","target":{"@type":"EntryPoint","urlTemplate":"https:\/\/funparty.ca\/en\/?s={search_term_string}"},"query-input":{"@type":"PropertyValueSpecification","valueRequired":true,"valueName":"search_term_string"}}],"inLanguage":"en-US"}]}},"_links":{"self":[{"href":"https:\/\/funparty.ca\/en\/wp-json\/wp\/v2\/product\/8122","targetHints":{"allow":["GET"]}}],"collection":[{"href":"https:\/\/funparty.ca\/en\/wp-json\/wp\/v2\/product"}],"about":[{"href":"https:\/\/funparty.ca\/en\/wp-json\/wp\/v2\/types\/product"}],"wp:featuredmedia":[{"embeddable":true,"href":"https:\/\/funparty.ca\/en\/wp-json\/wp\/v2\/media\/8124"}],"wp:attachment":[{"href":"https:\/\/funparty.ca\/en\/wp-json\/wp\/v2\/media?parent=8122"}],"wp:term":[{"taxonomy":"product_brand","embeddable":true,"href":"https:\/\/funparty.ca\/en\/wp-json\/wp\/v2\/product_brand?post=8122"},{"taxonomy":"product_cat","embeddable":true,"href":"https:\/\/funparty.ca\/en\/wp-json\/wp\/v2\/product_cat?post=8122"},{"taxonomy":"product_tag","embeddable":true,"href":"https:\/\/funparty.ca\/en\/wp-json\/wp\/v2\/product_tag?post=8122"},{"taxonomy":"collection","embeddable":true,"href":"https:\/\/funparty.ca\/en\/wp-json\/wp\/v2\/collection?post=8122"},{"taxonomy":"usage","embeddable":true,"href":"https:\/\/funparty.ca\/en\/wp-json\/wp\/v2\/usage?post=8122"},{"taxonomy":"age","embeddable":true,"href":"https:\/\/funparty.ca\/en\/wp-json\/wp\/v2\/age?post=8122"},{"taxonomy":"size","embeddable":true,"href":"https:\/\/funparty.ca\/en\/wp-json\/wp\/v2\/size?post=8122"},{"taxonomy":"water","embeddable":true,"href":"https:\/\/funparty.ca\/en\/wp-json\/wp\/v2\/water?post=8122"},{"taxonomy":"location","embeddable":true,"href":"https:\/\/funparty.ca\/en\/wp-json\/wp\/v2\/location?post=8122"},{"taxonomy":"price","embeddable":true,"href":"https:\/\/funparty.ca\/en\/wp-json\/wp\/v2\/price?post=8122"},{"taxonomy":"challenge","embeddable":true,"href":"https:\/\/funparty.ca\/en\/wp-json\/wp\/v2\/challenge?post=8122"},{"taxonomy":"colour","embeddable":true,"href":"https:\/\/funparty.ca\/en\/wp-json\/wp\/v2\/colour?post=8122"}],"curies":[{"name":"wp","href":"https:\/\/api.w.org\/{rel}","templated":true}]}}