{"id":3383,"date":"2021-06-02T21:13:52","date_gmt":"2021-12-02T15:14:41","guid":{"rendered":"http:\/\/funparty.ca\/product\/pickachu\/"},"modified":"2025-12-29T11:47:29","modified_gmt":"2025-12-29T16:47:29","slug":"mascotte-pickachu","status":"publish","type":"product","link":"https:\/\/funparty.ca\/en\/product\/mascotte-pickachu\/","title":{"rendered":"Pickachu"},"content":{"rendered":"","protected":false},"excerpt":{"rendered":"<p>Location de costumes de mascotte : 80$ pour 2 jours ( pour le week-end de vendredi a lundi)<\/p>\n<p>Consultez <a href=\"http:\/\/funparty.ca\/animation\/\">nos forfaits d&#8217;animation<\/a><\/p>\n<p>Taille: Cette mascotte convient aux adultes de 1,60 m (5&#8217;3 ft) \u00e0 1,90 m (6&#8217;2 ft)<\/p>\n<p>\u00c2ge recommand\u00e9 : Nous recommandons cette mascotte pour un adulte.<\/p>\n","protected":false},"featured_media":2012,"template":"","meta":{"_yoast_wpseo_focuskw":"","_yoast_wpseo_title":"","_yoast_wpseo_metadesc":"","_yoast_wpseo_meta-robots-noindex":"","_yoast_wpseo_meta-robots-nofollow":"","_yoast_wpseo_canonical":""},"product_brand":[],"product_cat":[210,216],"product_tag":[],"collection":[],"usage":[],"age":[],"size":[],"water":[],"location":[],"price":[],"challenge":[],"colour":[],"class_list":{"0":"post-3383","1":"product","2":"type-product","3":"status-publish","4":"has-post-thumbnail","6":"product_cat-mascottes","7":"product_cat-mascottes-regulieres","8":"tm-no-options","10":"first","11":"instock","12":"taxable","13":"shipping-taxable","14":"purchasable","15":"product-type-simple"},"yoast_head":"<!-- This site is optimized with the Yoast SEO plugin v27.3 - https:\/\/yoast.com\/product\/yoast-seo-wordpress\/ -->\n<title>Pickachu - Fun Party - Location de Mascotte et Jeux Gonflables au Quebec<\/title>\n<meta name=\"robots\" content=\"index, follow, max-snippet:-1, max-image-preview:large, max-video-preview:-1\" \/>\n<link rel=\"canonical\" href=\"https:\/\/funparty.ca\/en\/product\/mascotte-pickachu\/\" \/>\n<meta property=\"og:locale\" content=\"en_US\" \/>\n<meta property=\"og:type\" content=\"article\" \/>\n<meta property=\"og:title\" content=\"Pickachu - Fun Party - Location de Mascotte et Jeux Gonflables au Quebec\" \/>\n<meta property=\"og:description\" content=\"Location de costumes de mascotte : 80$ pour 2 jours ( pour le week-end de vendredi a lundi) Consultez nos forfaits d&#039;animation Taille: Cette mascotte convient aux adultes de 1,60 m (5&#039;3 ft) \u00e0 1,90 m (6&#039;2 ft) \u00c2ge recommand\u00e9 : Nous recommandons cette mascotte pour un adulte.\" \/>\n<meta property=\"og:url\" content=\"https:\/\/funparty.ca\/en\/product\/mascotte-pickachu\/\" \/>\n<meta property=\"og:site_name\" content=\"Fun Party - Location de Mascotte et Jeux Gonflables au Quebec\" \/>\n<meta property=\"article:modified_time\" content=\"2025-12-29T16:47:29+00:00\" \/>\n<meta property=\"og:image\" content=\"https:\/\/funparty.ca\/wp-content\/uploads\/2021\/06\/Pikachu_mascot-1.jpg\" \/>\n\t<meta property=\"og:image:width\" content=\"500\" \/>\n\t<meta property=\"og:image:height\" content=\"500\" \/>\n\t<meta property=\"og:image:type\" content=\"image\/jpeg\" \/>\n<meta name=\"twitter:card\" content=\"summary_large_image\" \/>\n<script type=\"application\/ld+json\" class=\"yoast-schema-graph\">{\"@context\":\"https:\\\/\\\/schema.org\",\"@graph\":[{\"@type\":[\"WebPage\",\"ItemPage\"],\"@id\":\"https:\\\/\\\/funparty.ca\\\/en\\\/product\\\/mascotte-pickachu\\\/\",\"url\":\"https:\\\/\\\/funparty.ca\\\/en\\\/product\\\/mascotte-pickachu\\\/\",\"name\":\"Pickachu - Fun Party - Location de Mascotte et Jeux Gonflables au Quebec\",\"isPartOf\":{\"@id\":\"https:\\\/\\\/funparty.ca\\\/en\\\/#website\"},\"primaryImageOfPage\":{\"@id\":\"https:\\\/\\\/funparty.ca\\\/en\\\/product\\\/mascotte-pickachu\\\/#primaryimage\"},\"image\":{\"@id\":\"https:\\\/\\\/funparty.ca\\\/en\\\/product\\\/mascotte-pickachu\\\/#primaryimage\"},\"thumbnailUrl\":\"https:\\\/\\\/funparty.ca\\\/wp-content\\\/uploads\\\/2021\\\/06\\\/Pikachu_mascot-1.jpg\",\"datePublished\":\"2021-12-02T15:14:41+00:00\",\"dateModified\":\"2025-12-29T16:47:29+00:00\",\"breadcrumb\":{\"@id\":\"https:\\\/\\\/funparty.ca\\\/en\\\/product\\\/mascotte-pickachu\\\/#breadcrumb\"},\"inLanguage\":\"en-US\",\"potentialAction\":[{\"@type\":\"ReadAction\",\"target\":[\"https:\\\/\\\/funparty.ca\\\/en\\\/product\\\/mascotte-pickachu\\\/\"]}]},{\"@type\":\"ImageObject\",\"inLanguage\":\"en-US\",\"@id\":\"https:\\\/\\\/funparty.ca\\\/en\\\/product\\\/mascotte-pickachu\\\/#primaryimage\",\"url\":\"https:\\\/\\\/funparty.ca\\\/wp-content\\\/uploads\\\/2021\\\/06\\\/Pikachu_mascot-1.jpg\",\"contentUrl\":\"https:\\\/\\\/funparty.ca\\\/wp-content\\\/uploads\\\/2021\\\/06\\\/Pikachu_mascot-1.jpg\",\"width\":500,\"height\":500,\"caption\":\"Pickachu\"},{\"@type\":\"BreadcrumbList\",\"@id\":\"https:\\\/\\\/funparty.ca\\\/en\\\/product\\\/mascotte-pickachu\\\/#breadcrumb\",\"itemListElement\":[{\"@type\":\"ListItem\",\"position\":1,\"name\":\"Home\",\"item\":\"https:\\\/\\\/funparty.ca\\\/en\\\/\"},{\"@type\":\"ListItem\",\"position\":2,\"name\":\"Shop\",\"item\":\"https:\\\/\\\/funparty.ca\\\/en\\\/shop\\\/\"},{\"@type\":\"ListItem\",\"position\":3,\"name\":\"Pickachu\"}]},{\"@type\":\"WebSite\",\"@id\":\"https:\\\/\\\/funparty.ca\\\/en\\\/#website\",\"url\":\"https:\\\/\\\/funparty.ca\\\/en\\\/\",\"name\":\"Fun Party - Location de Mascotte et Jeux Gonflables au Quebec\",\"description\":\"Location de mascottes et Jeux Gonflables a Montreal, Mascottes a louer, animation mascotte, mascottes a Montreal\",\"potentialAction\":[{\"@type\":\"SearchAction\",\"target\":{\"@type\":\"EntryPoint\",\"urlTemplate\":\"https:\\\/\\\/funparty.ca\\\/en\\\/?s={search_term_string}\"},\"query-input\":{\"@type\":\"PropertyValueSpecification\",\"valueRequired\":true,\"valueName\":\"search_term_string\"}}],\"inLanguage\":\"en-US\"}]}<\/script>\n<!-- \/ Yoast SEO plugin. -->","yoast_head_json":{"title":"Pickachu - Fun Party - Location de Mascotte et Jeux Gonflables au Quebec","robots":{"index":"index","follow":"follow","max-snippet":"max-snippet:-1","max-image-preview":"max-image-preview:large","max-video-preview":"max-video-preview:-1"},"canonical":"https:\/\/funparty.ca\/en\/product\/mascotte-pickachu\/","og_locale":"en_US","og_type":"article","og_title":"Pickachu - Fun Party - Location de Mascotte et Jeux Gonflables au Quebec","og_description":"Location de costumes de mascotte : 80$ pour 2 jours ( pour le week-end de vendredi a lundi) Consultez nos forfaits d'animation Taille: Cette mascotte convient aux adultes de 1,60 m (5'3 ft) \u00e0 1,90 m (6'2 ft) \u00c2ge recommand\u00e9 : Nous recommandons cette mascotte pour un adulte.","og_url":"https:\/\/funparty.ca\/en\/product\/mascotte-pickachu\/","og_site_name":"Fun Party - Location de Mascotte et Jeux Gonflables au Quebec","article_modified_time":"2025-12-29T16:47:29+00:00","og_image":[{"width":500,"height":500,"url":"https:\/\/funparty.ca\/wp-content\/uploads\/2021\/06\/Pikachu_mascot-1.jpg","type":"image\/jpeg"}],"twitter_card":"summary_large_image","schema":{"@context":"https:\/\/schema.org","@graph":[{"@type":["WebPage","ItemPage"],"@id":"https:\/\/funparty.ca\/en\/product\/mascotte-pickachu\/","url":"https:\/\/funparty.ca\/en\/product\/mascotte-pickachu\/","name":"Pickachu - Fun Party - Location de Mascotte et Jeux Gonflables au Quebec","isPartOf":{"@id":"https:\/\/funparty.ca\/en\/#website"},"primaryImageOfPage":{"@id":"https:\/\/funparty.ca\/en\/product\/mascotte-pickachu\/#primaryimage"},"image":{"@id":"https:\/\/funparty.ca\/en\/product\/mascotte-pickachu\/#primaryimage"},"thumbnailUrl":"https:\/\/funparty.ca\/wp-content\/uploads\/2021\/06\/Pikachu_mascot-1.jpg","datePublished":"2021-12-02T15:14:41+00:00","dateModified":"2025-12-29T16:47:29+00:00","breadcrumb":{"@id":"https:\/\/funparty.ca\/en\/product\/mascotte-pickachu\/#breadcrumb"},"inLanguage":"en-US","potentialAction":[{"@type":"ReadAction","target":["https:\/\/funparty.ca\/en\/product\/mascotte-pickachu\/"]}]},{"@type":"ImageObject","inLanguage":"en-US","@id":"https:\/\/funparty.ca\/en\/product\/mascotte-pickachu\/#primaryimage","url":"https:\/\/funparty.ca\/wp-content\/uploads\/2021\/06\/Pikachu_mascot-1.jpg","contentUrl":"https:\/\/funparty.ca\/wp-content\/uploads\/2021\/06\/Pikachu_mascot-1.jpg","width":500,"height":500,"caption":"Pickachu"},{"@type":"BreadcrumbList","@id":"https:\/\/funparty.ca\/en\/product\/mascotte-pickachu\/#breadcrumb","itemListElement":[{"@type":"ListItem","position":1,"name":"Home","item":"https:\/\/funparty.ca\/en\/"},{"@type":"ListItem","position":2,"name":"Shop","item":"https:\/\/funparty.ca\/en\/shop\/"},{"@type":"ListItem","position":3,"name":"Pickachu"}]},{"@type":"WebSite","@id":"https:\/\/funparty.ca\/en\/#website","url":"https:\/\/funparty.ca\/en\/","name":"Fun Party - Location de Mascotte et Jeux Gonflables au Quebec","description":"Location de mascottes et Jeux Gonflables a Montreal, Mascottes a louer, animation mascotte, mascottes a Montreal","potentialAction":[{"@type":"SearchAction","target":{"@type":"EntryPoint","urlTemplate":"https:\/\/funparty.ca\/en\/?s={search_term_string}"},"query-input":{"@type":"PropertyValueSpecification","valueRequired":true,"valueName":"search_term_string"}}],"inLanguage":"en-US"}]}},"_links":{"self":[{"href":"https:\/\/funparty.ca\/en\/wp-json\/wp\/v2\/product\/3383","targetHints":{"allow":["GET"]}}],"collection":[{"href":"https:\/\/funparty.ca\/en\/wp-json\/wp\/v2\/product"}],"about":[{"href":"https:\/\/funparty.ca\/en\/wp-json\/wp\/v2\/types\/product"}],"wp:featuredmedia":[{"embeddable":true,"href":"https:\/\/funparty.ca\/en\/wp-json\/wp\/v2\/media\/2012"}],"wp:attachment":[{"href":"https:\/\/funparty.ca\/en\/wp-json\/wp\/v2\/media?parent=3383"}],"wp:term":[{"taxonomy":"product_brand","embeddable":true,"href":"https:\/\/funparty.ca\/en\/wp-json\/wp\/v2\/product_brand?post=3383"},{"taxonomy":"product_cat","embeddable":true,"href":"https:\/\/funparty.ca\/en\/wp-json\/wp\/v2\/product_cat?post=3383"},{"taxonomy":"product_tag","embeddable":true,"href":"https:\/\/funparty.ca\/en\/wp-json\/wp\/v2\/product_tag?post=3383"},{"taxonomy":"collection","embeddable":true,"href":"https:\/\/funparty.ca\/en\/wp-json\/wp\/v2\/collection?post=3383"},{"taxonomy":"usage","embeddable":true,"href":"https:\/\/funparty.ca\/en\/wp-json\/wp\/v2\/usage?post=3383"},{"taxonomy":"age","embeddable":true,"href":"https:\/\/funparty.ca\/en\/wp-json\/wp\/v2\/age?post=3383"},{"taxonomy":"size","embeddable":true,"href":"https:\/\/funparty.ca\/en\/wp-json\/wp\/v2\/size?post=3383"},{"taxonomy":"water","embeddable":true,"href":"https:\/\/funparty.ca\/en\/wp-json\/wp\/v2\/water?post=3383"},{"taxonomy":"location","embeddable":true,"href":"https:\/\/funparty.ca\/en\/wp-json\/wp\/v2\/location?post=3383"},{"taxonomy":"price","embeddable":true,"href":"https:\/\/funparty.ca\/en\/wp-json\/wp\/v2\/price?post=3383"},{"taxonomy":"challenge","embeddable":true,"href":"https:\/\/funparty.ca\/en\/wp-json\/wp\/v2\/challenge?post=3383"},{"taxonomy":"colour","embeddable":true,"href":"https:\/\/funparty.ca\/en\/wp-json\/wp\/v2\/colour?post=3383"}],"curies":[{"name":"wp","href":"https:\/\/api.w.org\/{rel}","templated":true}]}}