{"id":3353,"date":"2021-11-30T18:19:56","date_gmt":"2021-11-30T18:19:56","guid":{"rendered":"http:\/\/funparty.ca\/product\/location-machine-a-karaoke\/"},"modified":"2025-12-29T11:47:20","modified_gmt":"2025-12-29T16:47:20","slug":"location-machine-a-karaoke","status":"publish","type":"product","link":"https:\/\/funparty.ca\/en\/product\/location-machine-a-karaoke\/","title":{"rendered":"Location \u2013 Machine \u00e0 Karaoke"},"content":{"rendered":"","protected":false},"excerpt":{"rendered":"<p>Cr\u00e9ez des souvenirs avec le tout nouveau syst\u00e8me de karaok\u00e9. Ce syst\u00e8me HD est \u00e9quip\u00e9 de tout ce dont vous avez besoin pour organiser une f\u00eate en int\u00e9rieur ou en ext\u00e9rieur! Avec des haut-parleurs puissants, une batterie rechargeable et une poign\u00e9e r\u00e9tractable int\u00e9gr\u00e9e avec roues, apportez la \u00e0 votre prochaine evenement. Am\u00e9liorez votre jeu de chant avec 6 effets vocaux divertissants.<\/p>\n<p>CE QUI EST INCLU<\/p>\n<ul>\n<li>Syst\u00e8me de karaok\u00e9 Fiesta Voice<\/li>\n<li>1 t\u00e9l\u00e9commande micro filaire<\/li>\n<li>1 microphone filaire<\/li>\n<li>Cl\u00e9 USB avec une centaine de chansons les plus populaires<\/li>\n<li>AC Adaptateur<\/li>\n<\/ul>\n","protected":false},"featured_media":0,"template":"","meta":{"_yoast_wpseo_focuskw":"","_yoast_wpseo_title":"","_yoast_wpseo_metadesc":"","_yoast_wpseo_meta-robots-noindex":"","_yoast_wpseo_meta-robots-nofollow":"","_yoast_wpseo_canonical":""},"product_brand":[],"product_cat":[15],"product_tag":[],"collection":[],"usage":[],"age":[],"size":[],"water":[],"location":[],"price":[],"challenge":[],"colour":[],"class_list":{"0":"post-3353","1":"product","2":"type-product","3":"status-publish","5":"product_cat-uncategorized","6":"tm-no-options","8":"first","9":"instock","10":"virtual","11":"taxable","12":"purchasable","13":"product-type-simple"},"yoast_head":"<!-- This site is optimized with the Yoast SEO plugin v27.4 - https:\/\/yoast.com\/product\/yoast-seo-wordpress\/ -->\n<title>Location \u2013 Machine \u00e0 Karaoke - Fun Party - Location de Mascotte et Jeux Gonflables au Quebec<\/title>\n<meta name=\"robots\" content=\"index, follow, max-snippet:-1, max-image-preview:large, max-video-preview:-1\" \/>\n<link rel=\"canonical\" href=\"https:\/\/funparty.ca\/en\/product\/location-machine-a-karaoke\/\" \/>\n<meta property=\"og:locale\" content=\"en_US\" \/>\n<meta property=\"og:type\" content=\"article\" \/>\n<meta property=\"og:title\" content=\"Location \u2013 Machine \u00e0 Karaoke - Fun Party - Location de Mascotte et Jeux Gonflables au Quebec\" \/>\n<meta property=\"og:description\" content=\"Cr\u00e9ez des souvenirs avec le tout nouveau syst\u00e8me de karaok\u00e9. Ce syst\u00e8me HD est \u00e9quip\u00e9 de tout ce dont vous avez besoin pour organiser une f\u00eate en int\u00e9rieur ou en ext\u00e9rieur! Avec des haut-parleurs puissants, une batterie rechargeable et une poign\u00e9e r\u00e9tractable int\u00e9gr\u00e9e avec roues, apportez la \u00e0 votre prochaine evenement. Am\u00e9liorez votre jeu de chant avec 6 effets vocaux divertissants. CE QUI EST INCLU  Syst\u00e8me de karaok\u00e9 Fiesta Voice  1 t\u00e9l\u00e9commande micro filaire  1 microphone filaire  Cl\u00e9 USB avec une centaine de chansons les plus populaires  AC Adaptateur\" \/>\n<meta property=\"og:url\" content=\"https:\/\/funparty.ca\/en\/product\/location-machine-a-karaoke\/\" \/>\n<meta property=\"og:site_name\" content=\"Fun Party - Location de Mascotte et Jeux Gonflables au Quebec\" \/>\n<meta property=\"article:modified_time\" content=\"2025-12-29T16:47:20+00:00\" \/>\n<meta name=\"twitter:card\" content=\"summary_large_image\" \/>\n<script type=\"application\/ld+json\" class=\"yoast-schema-graph\">{\"@context\":\"https:\\\/\\\/schema.org\",\"@graph\":[{\"@type\":[\"WebPage\",\"ItemPage\"],\"@id\":\"https:\\\/\\\/funparty.ca\\\/en\\\/product\\\/location-machine-a-karaoke\\\/\",\"url\":\"https:\\\/\\\/funparty.ca\\\/en\\\/product\\\/location-machine-a-karaoke\\\/\",\"name\":\"Location \u2013 Machine \u00e0 Karaoke - Fun Party - Location de Mascotte et Jeux Gonflables au Quebec\",\"isPartOf\":{\"@id\":\"https:\\\/\\\/funparty.ca\\\/en\\\/#website\"},\"datePublished\":\"2021-11-30T18:19:56+00:00\",\"dateModified\":\"2025-12-29T16:47:20+00:00\",\"breadcrumb\":{\"@id\":\"https:\\\/\\\/funparty.ca\\\/en\\\/product\\\/location-machine-a-karaoke\\\/#breadcrumb\"},\"inLanguage\":\"en-US\",\"potentialAction\":[{\"@type\":\"ReadAction\",\"target\":[\"https:\\\/\\\/funparty.ca\\\/en\\\/product\\\/location-machine-a-karaoke\\\/\"]}]},{\"@type\":\"BreadcrumbList\",\"@id\":\"https:\\\/\\\/funparty.ca\\\/en\\\/product\\\/location-machine-a-karaoke\\\/#breadcrumb\",\"itemListElement\":[{\"@type\":\"ListItem\",\"position\":1,\"name\":\"Home\",\"item\":\"https:\\\/\\\/funparty.ca\\\/en\\\/\"},{\"@type\":\"ListItem\",\"position\":2,\"name\":\"Shop\",\"item\":\"https:\\\/\\\/funparty.ca\\\/en\\\/shop\\\/\"},{\"@type\":\"ListItem\",\"position\":3,\"name\":\"Location \u2013 Machine \u00e0 Karaoke\"}]},{\"@type\":\"WebSite\",\"@id\":\"https:\\\/\\\/funparty.ca\\\/en\\\/#website\",\"url\":\"https:\\\/\\\/funparty.ca\\\/en\\\/\",\"name\":\"Fun Party - Location de Mascotte et Jeux Gonflables au Quebec\",\"description\":\"Location de mascottes et Jeux Gonflables a Montreal, Mascottes a louer, animation mascotte, mascottes a Montreal\",\"potentialAction\":[{\"@type\":\"SearchAction\",\"target\":{\"@type\":\"EntryPoint\",\"urlTemplate\":\"https:\\\/\\\/funparty.ca\\\/en\\\/?s={search_term_string}\"},\"query-input\":{\"@type\":\"PropertyValueSpecification\",\"valueRequired\":true,\"valueName\":\"search_term_string\"}}],\"inLanguage\":\"en-US\"}]}<\/script>\n<!-- \/ Yoast SEO plugin. -->","yoast_head_json":{"title":"Location \u2013 Machine \u00e0 Karaoke - Fun Party - Location de Mascotte et Jeux Gonflables au Quebec","robots":{"index":"index","follow":"follow","max-snippet":"max-snippet:-1","max-image-preview":"max-image-preview:large","max-video-preview":"max-video-preview:-1"},"canonical":"https:\/\/funparty.ca\/en\/product\/location-machine-a-karaoke\/","og_locale":"en_US","og_type":"article","og_title":"Location \u2013 Machine \u00e0 Karaoke - Fun Party - Location de Mascotte et Jeux Gonflables au Quebec","og_description":"Cr\u00e9ez des souvenirs avec le tout nouveau syst\u00e8me de karaok\u00e9. Ce syst\u00e8me HD est \u00e9quip\u00e9 de tout ce dont vous avez besoin pour organiser une f\u00eate en int\u00e9rieur ou en ext\u00e9rieur! Avec des haut-parleurs puissants, une batterie rechargeable et une poign\u00e9e r\u00e9tractable int\u00e9gr\u00e9e avec roues, apportez la \u00e0 votre prochaine evenement. Am\u00e9liorez votre jeu de chant avec 6 effets vocaux divertissants. CE QUI EST INCLU  Syst\u00e8me de karaok\u00e9 Fiesta Voice  1 t\u00e9l\u00e9commande micro filaire  1 microphone filaire  Cl\u00e9 USB avec une centaine de chansons les plus populaires  AC Adaptateur","og_url":"https:\/\/funparty.ca\/en\/product\/location-machine-a-karaoke\/","og_site_name":"Fun Party - Location de Mascotte et Jeux Gonflables au Quebec","article_modified_time":"2025-12-29T16:47:20+00:00","twitter_card":"summary_large_image","schema":{"@context":"https:\/\/schema.org","@graph":[{"@type":["WebPage","ItemPage"],"@id":"https:\/\/funparty.ca\/en\/product\/location-machine-a-karaoke\/","url":"https:\/\/funparty.ca\/en\/product\/location-machine-a-karaoke\/","name":"Location \u2013 Machine \u00e0 Karaoke - Fun Party - Location de Mascotte et Jeux Gonflables au Quebec","isPartOf":{"@id":"https:\/\/funparty.ca\/en\/#website"},"datePublished":"2021-11-30T18:19:56+00:00","dateModified":"2025-12-29T16:47:20+00:00","breadcrumb":{"@id":"https:\/\/funparty.ca\/en\/product\/location-machine-a-karaoke\/#breadcrumb"},"inLanguage":"en-US","potentialAction":[{"@type":"ReadAction","target":["https:\/\/funparty.ca\/en\/product\/location-machine-a-karaoke\/"]}]},{"@type":"BreadcrumbList","@id":"https:\/\/funparty.ca\/en\/product\/location-machine-a-karaoke\/#breadcrumb","itemListElement":[{"@type":"ListItem","position":1,"name":"Home","item":"https:\/\/funparty.ca\/en\/"},{"@type":"ListItem","position":2,"name":"Shop","item":"https:\/\/funparty.ca\/en\/shop\/"},{"@type":"ListItem","position":3,"name":"Location \u2013 Machine \u00e0 Karaoke"}]},{"@type":"WebSite","@id":"https:\/\/funparty.ca\/en\/#website","url":"https:\/\/funparty.ca\/en\/","name":"Fun Party - Location de Mascotte et Jeux Gonflables au Quebec","description":"Location de mascottes et Jeux Gonflables a Montreal, Mascottes a louer, animation mascotte, mascottes a Montreal","potentialAction":[{"@type":"SearchAction","target":{"@type":"EntryPoint","urlTemplate":"https:\/\/funparty.ca\/en\/?s={search_term_string}"},"query-input":{"@type":"PropertyValueSpecification","valueRequired":true,"valueName":"search_term_string"}}],"inLanguage":"en-US"}]}},"_links":{"self":[{"href":"https:\/\/funparty.ca\/en\/wp-json\/wp\/v2\/product\/3353","targetHints":{"allow":["GET"]}}],"collection":[{"href":"https:\/\/funparty.ca\/en\/wp-json\/wp\/v2\/product"}],"about":[{"href":"https:\/\/funparty.ca\/en\/wp-json\/wp\/v2\/types\/product"}],"wp:attachment":[{"href":"https:\/\/funparty.ca\/en\/wp-json\/wp\/v2\/media?parent=3353"}],"wp:term":[{"taxonomy":"product_brand","embeddable":true,"href":"https:\/\/funparty.ca\/en\/wp-json\/wp\/v2\/product_brand?post=3353"},{"taxonomy":"product_cat","embeddable":true,"href":"https:\/\/funparty.ca\/en\/wp-json\/wp\/v2\/product_cat?post=3353"},{"taxonomy":"product_tag","embeddable":true,"href":"https:\/\/funparty.ca\/en\/wp-json\/wp\/v2\/product_tag?post=3353"},{"taxonomy":"collection","embeddable":true,"href":"https:\/\/funparty.ca\/en\/wp-json\/wp\/v2\/collection?post=3353"},{"taxonomy":"usage","embeddable":true,"href":"https:\/\/funparty.ca\/en\/wp-json\/wp\/v2\/usage?post=3353"},{"taxonomy":"age","embeddable":true,"href":"https:\/\/funparty.ca\/en\/wp-json\/wp\/v2\/age?post=3353"},{"taxonomy":"size","embeddable":true,"href":"https:\/\/funparty.ca\/en\/wp-json\/wp\/v2\/size?post=3353"},{"taxonomy":"water","embeddable":true,"href":"https:\/\/funparty.ca\/en\/wp-json\/wp\/v2\/water?post=3353"},{"taxonomy":"location","embeddable":true,"href":"https:\/\/funparty.ca\/en\/wp-json\/wp\/v2\/location?post=3353"},{"taxonomy":"price","embeddable":true,"href":"https:\/\/funparty.ca\/en\/wp-json\/wp\/v2\/price?post=3353"},{"taxonomy":"challenge","embeddable":true,"href":"https:\/\/funparty.ca\/en\/wp-json\/wp\/v2\/challenge?post=3353"},{"taxonomy":"colour","embeddable":true,"href":"https:\/\/funparty.ca\/en\/wp-json\/wp\/v2\/colour?post=3353"}],"curies":[{"name":"wp","href":"https:\/\/api.w.org\/{rel}","templated":true}]}}