{"id":3327,"date":"2021-11-30T16:05:25","date_gmt":"2021-11-30T16:05:25","guid":{"rendered":"http:\/\/funparty.ca\/product\/chateau-rouge\/"},"modified":"2025-12-29T11:47:20","modified_gmt":"2025-12-29T16:47:20","slug":"chateau-rouge","status":"publish","type":"product","link":"https:\/\/funparty.ca\/en\/product\/chateau-rouge\/","title":{"rendered":"Ch\u00e2teau Rouge"},"content":{"rendered":"<ul>\n<li>Pompe incluse<\/li>\n<li>Gonfle en moins de 3 minutes. installation facile par une seule personne<\/li>\n<li>Utilisation int\u00e9rieure et ext\u00e9rieure<\/li>\n<li>Assez grand espace pour accueillir 4 \u00e0 5 enfants de moins de 400 livres au total<\/li>\n<li>Taille gonfl\u00e9e : 11,5\u2032 x 10\u2032 x 8,9\u2032<\/li>\n<\/ul>\n<p><strong>Taille du sac de transport: La taille d\u2019un sac de hockey s\u2019adapte \u00e0 n\u2019importe quel coffre de voiture<\/strong><br \/>\n<strong>Livraison et installation non inclus (s\u2019il vous pla\u00eet contacter pour le prix)<\/strong><\/p>\n","protected":false},"excerpt":{"rendered":"<ul>\n<li><strong>Recommandations de limite de poids:<\/strong>\n<ul>\n<li>Recommand\u00e9 pour les 2 \u00e0 12 ans<\/li>\n<li>Poids total maximum : 600 lb.<\/li>\n<li>Maximum d&#8217;enfants \u00e0 l&#8217;int\u00e9rieur \u00e0 la fois : 6<\/li>\n<li>Poids individuel maximum : 100 lb.<\/li>\n<li>Dimensions : 10 x 16 x 10,3 pi<\/li>\n<li>Poids : 158 lb<\/li>\n<\/ul>\n<p>&nbsp;<\/p>\n<p><em><strong>Il s&#8217;agit d&#8217;une maison gonflable de type commercial.<\/strong><\/em><\/p>\n<p><em><strong>Livraison et installation non inclus (s\u2019il vous pla\u00eet contacter pour le prix)<\/strong><\/em><\/li>\n<\/ul>\n","protected":false},"featured_media":0,"template":"","meta":{"_yoast_wpseo_focuskw":"","_yoast_wpseo_title":"","_yoast_wpseo_metadesc":"","_yoast_wpseo_meta-robots-noindex":"","_yoast_wpseo_meta-robots-nofollow":"","_yoast_wpseo_canonical":""},"product_brand":[],"product_cat":[15],"product_tag":[],"collection":[],"usage":[],"age":[],"size":[],"water":[],"location":[],"price":[],"challenge":[],"colour":[],"class_list":{"0":"post-3327","1":"product","2":"type-product","3":"status-publish","5":"product_cat-uncategorized","6":"tm-no-options","8":"first","9":"instock","10":"virtual","11":"taxable","12":"purchasable","13":"product-type-simple"},"yoast_head":"<!-- This site is optimized with the Yoast SEO plugin v27.4 - https:\/\/yoast.com\/product\/yoast-seo-wordpress\/ -->\n<title>Ch\u00e2teau Rouge - Fun Party - Location de Mascotte et Jeux Gonflables au Quebec<\/title>\n<meta name=\"robots\" content=\"index, follow, max-snippet:-1, max-image-preview:large, max-video-preview:-1\" \/>\n<link rel=\"canonical\" href=\"https:\/\/funparty.ca\/en\/product\/chateau-rouge\/\" \/>\n<meta property=\"og:locale\" content=\"en_US\" \/>\n<meta property=\"og:type\" content=\"article\" \/>\n<meta property=\"og:title\" content=\"Ch\u00e2teau Rouge - Fun Party - Location de Mascotte et Jeux Gonflables au Quebec\" \/>\n<meta property=\"og:description\" content=\"Recommandations de limite de poids:  Recommand\u00e9 pour les 2 \u00e0 12 ans  Poids total maximum : 600 lb.  Maximum d&#039;enfants \u00e0 l&#039;int\u00e9rieur \u00e0 la fois : 6  Poids individuel maximum : 100 lb.  Dimensions : 10 x 16 x 10,3 pi  Poids : 158 lb &nbsp; Il s&#039;agit d&#039;une maison gonflable de type commercial. Livraison et installation non inclus (s\u2019il vous pla\u00eet contacter pour le prix)\" \/>\n<meta property=\"og:url\" content=\"https:\/\/funparty.ca\/en\/product\/chateau-rouge\/\" \/>\n<meta property=\"og:site_name\" content=\"Fun Party - Location de Mascotte et Jeux Gonflables au Quebec\" \/>\n<meta property=\"article:modified_time\" content=\"2025-12-29T16:47:20+00:00\" \/>\n<meta name=\"twitter:card\" content=\"summary_large_image\" \/>\n<script type=\"application\/ld+json\" class=\"yoast-schema-graph\">{\"@context\":\"https:\\\/\\\/schema.org\",\"@graph\":[{\"@type\":[\"WebPage\",\"ItemPage\"],\"@id\":\"https:\\\/\\\/funparty.ca\\\/en\\\/product\\\/chateau-rouge\\\/\",\"url\":\"https:\\\/\\\/funparty.ca\\\/en\\\/product\\\/chateau-rouge\\\/\",\"name\":\"Ch\u00e2teau Rouge - Fun Party - Location de Mascotte et Jeux Gonflables au Quebec\",\"isPartOf\":{\"@id\":\"https:\\\/\\\/funparty.ca\\\/en\\\/#website\"},\"datePublished\":\"2021-11-30T16:05:25+00:00\",\"dateModified\":\"2025-12-29T16:47:20+00:00\",\"breadcrumb\":{\"@id\":\"https:\\\/\\\/funparty.ca\\\/en\\\/product\\\/chateau-rouge\\\/#breadcrumb\"},\"inLanguage\":\"en-US\",\"potentialAction\":[{\"@type\":\"ReadAction\",\"target\":[\"https:\\\/\\\/funparty.ca\\\/en\\\/product\\\/chateau-rouge\\\/\"]}]},{\"@type\":\"BreadcrumbList\",\"@id\":\"https:\\\/\\\/funparty.ca\\\/en\\\/product\\\/chateau-rouge\\\/#breadcrumb\",\"itemListElement\":[{\"@type\":\"ListItem\",\"position\":1,\"name\":\"Home\",\"item\":\"https:\\\/\\\/funparty.ca\\\/en\\\/\"},{\"@type\":\"ListItem\",\"position\":2,\"name\":\"Shop\",\"item\":\"https:\\\/\\\/funparty.ca\\\/en\\\/shop\\\/\"},{\"@type\":\"ListItem\",\"position\":3,\"name\":\"Ch\u00e2teau Rouge\"}]},{\"@type\":\"WebSite\",\"@id\":\"https:\\\/\\\/funparty.ca\\\/en\\\/#website\",\"url\":\"https:\\\/\\\/funparty.ca\\\/en\\\/\",\"name\":\"Fun Party - Location de Mascotte et Jeux Gonflables au Quebec\",\"description\":\"Location de mascottes et Jeux Gonflables a Montreal, Mascottes a louer, animation mascotte, mascottes a Montreal\",\"potentialAction\":[{\"@type\":\"SearchAction\",\"target\":{\"@type\":\"EntryPoint\",\"urlTemplate\":\"https:\\\/\\\/funparty.ca\\\/en\\\/?s={search_term_string}\"},\"query-input\":{\"@type\":\"PropertyValueSpecification\",\"valueRequired\":true,\"valueName\":\"search_term_string\"}}],\"inLanguage\":\"en-US\"}]}<\/script>\n<!-- \/ Yoast SEO plugin. -->","yoast_head_json":{"title":"Ch\u00e2teau Rouge - Fun Party - Location de Mascotte et Jeux Gonflables au Quebec","robots":{"index":"index","follow":"follow","max-snippet":"max-snippet:-1","max-image-preview":"max-image-preview:large","max-video-preview":"max-video-preview:-1"},"canonical":"https:\/\/funparty.ca\/en\/product\/chateau-rouge\/","og_locale":"en_US","og_type":"article","og_title":"Ch\u00e2teau Rouge - Fun Party - Location de Mascotte et Jeux Gonflables au Quebec","og_description":"Recommandations de limite de poids:  Recommand\u00e9 pour les 2 \u00e0 12 ans  Poids total maximum : 600 lb.  Maximum d'enfants \u00e0 l'int\u00e9rieur \u00e0 la fois : 6  Poids individuel maximum : 100 lb.  Dimensions : 10 x 16 x 10,3 pi  Poids : 158 lb &nbsp; Il s'agit d'une maison gonflable de type commercial. Livraison et installation non inclus (s\u2019il vous pla\u00eet contacter pour le prix)","og_url":"https:\/\/funparty.ca\/en\/product\/chateau-rouge\/","og_site_name":"Fun Party - Location de Mascotte et Jeux Gonflables au Quebec","article_modified_time":"2025-12-29T16:47:20+00:00","twitter_card":"summary_large_image","schema":{"@context":"https:\/\/schema.org","@graph":[{"@type":["WebPage","ItemPage"],"@id":"https:\/\/funparty.ca\/en\/product\/chateau-rouge\/","url":"https:\/\/funparty.ca\/en\/product\/chateau-rouge\/","name":"Ch\u00e2teau Rouge - Fun Party - Location de Mascotte et Jeux Gonflables au Quebec","isPartOf":{"@id":"https:\/\/funparty.ca\/en\/#website"},"datePublished":"2021-11-30T16:05:25+00:00","dateModified":"2025-12-29T16:47:20+00:00","breadcrumb":{"@id":"https:\/\/funparty.ca\/en\/product\/chateau-rouge\/#breadcrumb"},"inLanguage":"en-US","potentialAction":[{"@type":"ReadAction","target":["https:\/\/funparty.ca\/en\/product\/chateau-rouge\/"]}]},{"@type":"BreadcrumbList","@id":"https:\/\/funparty.ca\/en\/product\/chateau-rouge\/#breadcrumb","itemListElement":[{"@type":"ListItem","position":1,"name":"Home","item":"https:\/\/funparty.ca\/en\/"},{"@type":"ListItem","position":2,"name":"Shop","item":"https:\/\/funparty.ca\/en\/shop\/"},{"@type":"ListItem","position":3,"name":"Ch\u00e2teau Rouge"}]},{"@type":"WebSite","@id":"https:\/\/funparty.ca\/en\/#website","url":"https:\/\/funparty.ca\/en\/","name":"Fun Party - Location de Mascotte et Jeux Gonflables au Quebec","description":"Location de mascottes et Jeux Gonflables a Montreal, Mascottes a louer, animation mascotte, mascottes a Montreal","potentialAction":[{"@type":"SearchAction","target":{"@type":"EntryPoint","urlTemplate":"https:\/\/funparty.ca\/en\/?s={search_term_string}"},"query-input":{"@type":"PropertyValueSpecification","valueRequired":true,"valueName":"search_term_string"}}],"inLanguage":"en-US"}]}},"_links":{"self":[{"href":"https:\/\/funparty.ca\/en\/wp-json\/wp\/v2\/product\/3327","targetHints":{"allow":["GET"]}}],"collection":[{"href":"https:\/\/funparty.ca\/en\/wp-json\/wp\/v2\/product"}],"about":[{"href":"https:\/\/funparty.ca\/en\/wp-json\/wp\/v2\/types\/product"}],"wp:attachment":[{"href":"https:\/\/funparty.ca\/en\/wp-json\/wp\/v2\/media?parent=3327"}],"wp:term":[{"taxonomy":"product_brand","embeddable":true,"href":"https:\/\/funparty.ca\/en\/wp-json\/wp\/v2\/product_brand?post=3327"},{"taxonomy":"product_cat","embeddable":true,"href":"https:\/\/funparty.ca\/en\/wp-json\/wp\/v2\/product_cat?post=3327"},{"taxonomy":"product_tag","embeddable":true,"href":"https:\/\/funparty.ca\/en\/wp-json\/wp\/v2\/product_tag?post=3327"},{"taxonomy":"collection","embeddable":true,"href":"https:\/\/funparty.ca\/en\/wp-json\/wp\/v2\/collection?post=3327"},{"taxonomy":"usage","embeddable":true,"href":"https:\/\/funparty.ca\/en\/wp-json\/wp\/v2\/usage?post=3327"},{"taxonomy":"age","embeddable":true,"href":"https:\/\/funparty.ca\/en\/wp-json\/wp\/v2\/age?post=3327"},{"taxonomy":"size","embeddable":true,"href":"https:\/\/funparty.ca\/en\/wp-json\/wp\/v2\/size?post=3327"},{"taxonomy":"water","embeddable":true,"href":"https:\/\/funparty.ca\/en\/wp-json\/wp\/v2\/water?post=3327"},{"taxonomy":"location","embeddable":true,"href":"https:\/\/funparty.ca\/en\/wp-json\/wp\/v2\/location?post=3327"},{"taxonomy":"price","embeddable":true,"href":"https:\/\/funparty.ca\/en\/wp-json\/wp\/v2\/price?post=3327"},{"taxonomy":"challenge","embeddable":true,"href":"https:\/\/funparty.ca\/en\/wp-json\/wp\/v2\/challenge?post=3327"},{"taxonomy":"colour","embeddable":true,"href":"https:\/\/funparty.ca\/en\/wp-json\/wp\/v2\/colour?post=3327"}],"curies":[{"name":"wp","href":"https:\/\/api.w.org\/{rel}","templated":true}]}}