{"id":11805,"date":"2024-02-13T23:47:04","date_gmt":"2024-02-14T04:47:04","guid":{"rendered":"http:\/\/funparty.ca\/?post_type=product&#038;p=11805"},"modified":"2025-12-29T11:47:55","modified_gmt":"2025-12-29T16:47:55","slug":"mortel-kombat-en-tete-a-tete","status":"publish","type":"product","link":"https:\/\/funparty.ca\/en\/product\/mortel-kombat-en-tete-a-tete\/","title":{"rendered":"MORTEL KOMBAT EN T\u00caTE \u00c0 T\u00caTE"},"content":{"rendered":"","protected":false},"excerpt":{"rendered":"<ul>\n<li>Biblioth\u00e8que de 12 jeux embl\u00e9matiques, dont Mortal Kombat, Mortal Kombat 2 et 3, Toobin, Rampage, Joust, Rootbeer Tapper, Defender, et bien d&#8217;autres encore !<\/li>\n<li>Profitez de la nostalgie des jeux d&#8217;arcade classiques dans votre maison, avec des illustrations authentiques et des caract\u00e9ristiques r\u00e9elles ;<\/li>\n<li>Dimensions : 23,63 p. x 35,67 p : 23,63 D x 35,67 W x 29 H ;<\/li>\n<li>Poids de l&#8217;article : 68.34 lbs<\/li>\n<\/ul>\n","protected":false},"featured_media":11796,"template":"","meta":{"_yoast_wpseo_focuskw":"","_yoast_wpseo_title":"","_yoast_wpseo_metadesc":"","_yoast_wpseo_meta-robots-noindex":"","_yoast_wpseo_meta-robots-nofollow":"","_yoast_wpseo_canonical":""},"product_brand":[],"product_cat":[201,203,204,200,209],"product_tag":[],"collection":[],"usage":[],"age":[],"size":[],"water":[],"location":[],"price":[],"challenge":[],"colour":[],"class_list":{"0":"post-11805","1":"product","2":"type-product","3":"status-publish","4":"has-post-thumbnail","6":"product_cat-jeux-darcade","7":"product_cat-jeux-des-adultes","8":"product_cat-jeux-des-enfants","9":"product_cat-jeux-et-activites","10":"product_cat-tables-de-jeux","11":"tm-no-options","13":"first","14":"instock","15":"taxable","16":"shipping-taxable","17":"purchasable","18":"product-type-simple"},"yoast_head":"<!-- This site is optimized with the Yoast SEO plugin v27.4 - https:\/\/yoast.com\/product\/yoast-seo-wordpress\/ -->\n<title>MORTEL KOMBAT EN T\u00caTE \u00c0 T\u00caTE - Fun Party - Location de Mascotte et Jeux Gonflables au Quebec<\/title>\n<meta name=\"robots\" content=\"index, follow, max-snippet:-1, max-image-preview:large, max-video-preview:-1\" \/>\n<link rel=\"canonical\" href=\"https:\/\/funparty.ca\/en\/product\/mortel-kombat-en-tete-a-tete\/\" \/>\n<meta property=\"og:locale\" content=\"en_US\" \/>\n<meta property=\"og:type\" content=\"article\" \/>\n<meta property=\"og:title\" content=\"MORTEL KOMBAT EN T\u00caTE \u00c0 T\u00caTE - Fun Party - Location de Mascotte et Jeux Gonflables au Quebec\" \/>\n<meta property=\"og:description\" content=\"Biblioth\u00e8que de 12 jeux embl\u00e9matiques, dont Mortal Kombat, Mortal Kombat 2 et 3, Toobin, Rampage, Joust, Rootbeer Tapper, Defender, et bien d&#039;autres encore !  Profitez de la nostalgie des jeux d&#039;arcade classiques dans votre maison, avec des illustrations authentiques et des caract\u00e9ristiques r\u00e9elles ;  Dimensions : 23,63 p. x 35,67 p : 23,63 D x 35,67 W x 29 H ;  Poids de l&#039;article : 68.34 lbs\" \/>\n<meta property=\"og:url\" content=\"https:\/\/funparty.ca\/en\/product\/mortel-kombat-en-tete-a-tete\/\" \/>\n<meta property=\"og:site_name\" content=\"Fun Party - Location de Mascotte et Jeux Gonflables au Quebec\" \/>\n<meta property=\"article:modified_time\" content=\"2025-12-29T16:47:55+00:00\" \/>\n<meta property=\"og:image\" content=\"https:\/\/funparty.ca\/wp-content\/uploads\/2024\/02\/Mortal-Kombat-Head-to-Head-1.jpg\" \/>\n\t<meta property=\"og:image:width\" content=\"1500\" \/>\n\t<meta property=\"og:image:height\" content=\"1500\" \/>\n\t<meta property=\"og:image:type\" content=\"image\/jpeg\" \/>\n<meta name=\"twitter:card\" content=\"summary_large_image\" \/>\n<script type=\"application\/ld+json\" class=\"yoast-schema-graph\">{\"@context\":\"https:\\\/\\\/schema.org\",\"@graph\":[{\"@type\":[\"WebPage\",\"ItemPage\"],\"@id\":\"https:\\\/\\\/funparty.ca\\\/en\\\/product\\\/mortel-kombat-en-tete-a-tete\\\/\",\"url\":\"https:\\\/\\\/funparty.ca\\\/en\\\/product\\\/mortel-kombat-en-tete-a-tete\\\/\",\"name\":\"MORTEL KOMBAT EN T\u00caTE \u00c0 T\u00caTE - Fun Party - Location de Mascotte et Jeux Gonflables au Quebec\",\"isPartOf\":{\"@id\":\"https:\\\/\\\/funparty.ca\\\/en\\\/#website\"},\"primaryImageOfPage\":{\"@id\":\"https:\\\/\\\/funparty.ca\\\/en\\\/product\\\/mortel-kombat-en-tete-a-tete\\\/#primaryimage\"},\"image\":{\"@id\":\"https:\\\/\\\/funparty.ca\\\/en\\\/product\\\/mortel-kombat-en-tete-a-tete\\\/#primaryimage\"},\"thumbnailUrl\":\"https:\\\/\\\/funparty.ca\\\/wp-content\\\/uploads\\\/2024\\\/02\\\/Mortal-Kombat-Head-to-Head-1.jpg\",\"datePublished\":\"2024-02-14T04:47:04+00:00\",\"dateModified\":\"2025-12-29T16:47:55+00:00\",\"breadcrumb\":{\"@id\":\"https:\\\/\\\/funparty.ca\\\/en\\\/product\\\/mortel-kombat-en-tete-a-tete\\\/#breadcrumb\"},\"inLanguage\":\"en-US\",\"potentialAction\":[{\"@type\":\"ReadAction\",\"target\":[\"https:\\\/\\\/funparty.ca\\\/en\\\/product\\\/mortel-kombat-en-tete-a-tete\\\/\"]}]},{\"@type\":\"ImageObject\",\"inLanguage\":\"en-US\",\"@id\":\"https:\\\/\\\/funparty.ca\\\/en\\\/product\\\/mortel-kombat-en-tete-a-tete\\\/#primaryimage\",\"url\":\"https:\\\/\\\/funparty.ca\\\/wp-content\\\/uploads\\\/2024\\\/02\\\/Mortal-Kombat-Head-to-Head-1.jpg\",\"contentUrl\":\"https:\\\/\\\/funparty.ca\\\/wp-content\\\/uploads\\\/2024\\\/02\\\/Mortal-Kombat-Head-to-Head-1.jpg\",\"width\":1500,\"height\":1500},{\"@type\":\"BreadcrumbList\",\"@id\":\"https:\\\/\\\/funparty.ca\\\/en\\\/product\\\/mortel-kombat-en-tete-a-tete\\\/#breadcrumb\",\"itemListElement\":[{\"@type\":\"ListItem\",\"position\":1,\"name\":\"Home\",\"item\":\"https:\\\/\\\/funparty.ca\\\/en\\\/\"},{\"@type\":\"ListItem\",\"position\":2,\"name\":\"Shop\",\"item\":\"https:\\\/\\\/funparty.ca\\\/en\\\/shop\\\/\"},{\"@type\":\"ListItem\",\"position\":3,\"name\":\"MORTEL KOMBAT EN T\u00caTE \u00c0 T\u00caTE\"}]},{\"@type\":\"WebSite\",\"@id\":\"https:\\\/\\\/funparty.ca\\\/en\\\/#website\",\"url\":\"https:\\\/\\\/funparty.ca\\\/en\\\/\",\"name\":\"Fun Party - Location de Mascotte et Jeux Gonflables au Quebec\",\"description\":\"Location de mascottes et Jeux Gonflables a Montreal, Mascottes a louer, animation mascotte, mascottes a Montreal\",\"potentialAction\":[{\"@type\":\"SearchAction\",\"target\":{\"@type\":\"EntryPoint\",\"urlTemplate\":\"https:\\\/\\\/funparty.ca\\\/en\\\/?s={search_term_string}\"},\"query-input\":{\"@type\":\"PropertyValueSpecification\",\"valueRequired\":true,\"valueName\":\"search_term_string\"}}],\"inLanguage\":\"en-US\"}]}<\/script>\n<!-- \/ Yoast SEO plugin. -->","yoast_head_json":{"title":"MORTEL KOMBAT EN T\u00caTE \u00c0 T\u00caTE - Fun Party - Location de Mascotte et Jeux Gonflables au Quebec","robots":{"index":"index","follow":"follow","max-snippet":"max-snippet:-1","max-image-preview":"max-image-preview:large","max-video-preview":"max-video-preview:-1"},"canonical":"https:\/\/funparty.ca\/en\/product\/mortel-kombat-en-tete-a-tete\/","og_locale":"en_US","og_type":"article","og_title":"MORTEL KOMBAT EN T\u00caTE \u00c0 T\u00caTE - Fun Party - Location de Mascotte et Jeux Gonflables au Quebec","og_description":"Biblioth\u00e8que de 12 jeux embl\u00e9matiques, dont Mortal Kombat, Mortal Kombat 2 et 3, Toobin, Rampage, Joust, Rootbeer Tapper, Defender, et bien d'autres encore !  Profitez de la nostalgie des jeux d'arcade classiques dans votre maison, avec des illustrations authentiques et des caract\u00e9ristiques r\u00e9elles ;  Dimensions : 23,63 p. x 35,67 p : 23,63 D x 35,67 W x 29 H ;  Poids de l'article : 68.34 lbs","og_url":"https:\/\/funparty.ca\/en\/product\/mortel-kombat-en-tete-a-tete\/","og_site_name":"Fun Party - Location de Mascotte et Jeux Gonflables au Quebec","article_modified_time":"2025-12-29T16:47:55+00:00","og_image":[{"width":1500,"height":1500,"url":"https:\/\/funparty.ca\/wp-content\/uploads\/2024\/02\/Mortal-Kombat-Head-to-Head-1.jpg","type":"image\/jpeg"}],"twitter_card":"summary_large_image","schema":{"@context":"https:\/\/schema.org","@graph":[{"@type":["WebPage","ItemPage"],"@id":"https:\/\/funparty.ca\/en\/product\/mortel-kombat-en-tete-a-tete\/","url":"https:\/\/funparty.ca\/en\/product\/mortel-kombat-en-tete-a-tete\/","name":"MORTEL KOMBAT EN T\u00caTE \u00c0 T\u00caTE - Fun Party - Location de Mascotte et Jeux Gonflables au Quebec","isPartOf":{"@id":"https:\/\/funparty.ca\/en\/#website"},"primaryImageOfPage":{"@id":"https:\/\/funparty.ca\/en\/product\/mortel-kombat-en-tete-a-tete\/#primaryimage"},"image":{"@id":"https:\/\/funparty.ca\/en\/product\/mortel-kombat-en-tete-a-tete\/#primaryimage"},"thumbnailUrl":"https:\/\/funparty.ca\/wp-content\/uploads\/2024\/02\/Mortal-Kombat-Head-to-Head-1.jpg","datePublished":"2024-02-14T04:47:04+00:00","dateModified":"2025-12-29T16:47:55+00:00","breadcrumb":{"@id":"https:\/\/funparty.ca\/en\/product\/mortel-kombat-en-tete-a-tete\/#breadcrumb"},"inLanguage":"en-US","potentialAction":[{"@type":"ReadAction","target":["https:\/\/funparty.ca\/en\/product\/mortel-kombat-en-tete-a-tete\/"]}]},{"@type":"ImageObject","inLanguage":"en-US","@id":"https:\/\/funparty.ca\/en\/product\/mortel-kombat-en-tete-a-tete\/#primaryimage","url":"https:\/\/funparty.ca\/wp-content\/uploads\/2024\/02\/Mortal-Kombat-Head-to-Head-1.jpg","contentUrl":"https:\/\/funparty.ca\/wp-content\/uploads\/2024\/02\/Mortal-Kombat-Head-to-Head-1.jpg","width":1500,"height":1500},{"@type":"BreadcrumbList","@id":"https:\/\/funparty.ca\/en\/product\/mortel-kombat-en-tete-a-tete\/#breadcrumb","itemListElement":[{"@type":"ListItem","position":1,"name":"Home","item":"https:\/\/funparty.ca\/en\/"},{"@type":"ListItem","position":2,"name":"Shop","item":"https:\/\/funparty.ca\/en\/shop\/"},{"@type":"ListItem","position":3,"name":"MORTEL KOMBAT EN T\u00caTE \u00c0 T\u00caTE"}]},{"@type":"WebSite","@id":"https:\/\/funparty.ca\/en\/#website","url":"https:\/\/funparty.ca\/en\/","name":"Fun Party - Location de Mascotte et Jeux Gonflables au Quebec","description":"Location de mascottes et Jeux Gonflables a Montreal, Mascottes a louer, animation mascotte, mascottes a Montreal","potentialAction":[{"@type":"SearchAction","target":{"@type":"EntryPoint","urlTemplate":"https:\/\/funparty.ca\/en\/?s={search_term_string}"},"query-input":{"@type":"PropertyValueSpecification","valueRequired":true,"valueName":"search_term_string"}}],"inLanguage":"en-US"}]}},"_links":{"self":[{"href":"https:\/\/funparty.ca\/en\/wp-json\/wp\/v2\/product\/11805","targetHints":{"allow":["GET"]}}],"collection":[{"href":"https:\/\/funparty.ca\/en\/wp-json\/wp\/v2\/product"}],"about":[{"href":"https:\/\/funparty.ca\/en\/wp-json\/wp\/v2\/types\/product"}],"wp:featuredmedia":[{"embeddable":true,"href":"https:\/\/funparty.ca\/en\/wp-json\/wp\/v2\/media\/11796"}],"wp:attachment":[{"href":"https:\/\/funparty.ca\/en\/wp-json\/wp\/v2\/media?parent=11805"}],"wp:term":[{"taxonomy":"product_brand","embeddable":true,"href":"https:\/\/funparty.ca\/en\/wp-json\/wp\/v2\/product_brand?post=11805"},{"taxonomy":"product_cat","embeddable":true,"href":"https:\/\/funparty.ca\/en\/wp-json\/wp\/v2\/product_cat?post=11805"},{"taxonomy":"product_tag","embeddable":true,"href":"https:\/\/funparty.ca\/en\/wp-json\/wp\/v2\/product_tag?post=11805"},{"taxonomy":"collection","embeddable":true,"href":"https:\/\/funparty.ca\/en\/wp-json\/wp\/v2\/collection?post=11805"},{"taxonomy":"usage","embeddable":true,"href":"https:\/\/funparty.ca\/en\/wp-json\/wp\/v2\/usage?post=11805"},{"taxonomy":"age","embeddable":true,"href":"https:\/\/funparty.ca\/en\/wp-json\/wp\/v2\/age?post=11805"},{"taxonomy":"size","embeddable":true,"href":"https:\/\/funparty.ca\/en\/wp-json\/wp\/v2\/size?post=11805"},{"taxonomy":"water","embeddable":true,"href":"https:\/\/funparty.ca\/en\/wp-json\/wp\/v2\/water?post=11805"},{"taxonomy":"location","embeddable":true,"href":"https:\/\/funparty.ca\/en\/wp-json\/wp\/v2\/location?post=11805"},{"taxonomy":"price","embeddable":true,"href":"https:\/\/funparty.ca\/en\/wp-json\/wp\/v2\/price?post=11805"},{"taxonomy":"challenge","embeddable":true,"href":"https:\/\/funparty.ca\/en\/wp-json\/wp\/v2\/challenge?post=11805"},{"taxonomy":"colour","embeddable":true,"href":"https:\/\/funparty.ca\/en\/wp-json\/wp\/v2\/colour?post=11805"}],"curies":[{"name":"wp","href":"https:\/\/api.w.org\/{rel}","templated":true}]}}