{"id":3816,"date":"2021-12-09T16:57:30","date_gmt":"2021-12-09T16:57:30","guid":{"rendered":"http:\/\/funparty.ca\/yard-cards-booking-form-2\/"},"modified":"2022-04-28T20:55:44","modified_gmt":"2022-04-29T00:55:44","slug":"yard-cards-booking-form","status":"publish","type":"page","link":"https:\/\/funparty.ca\/en\/yard-cards-booking-form\/","title":{"rendered":"Yard Cards Booking Form"},"content":{"rendered":"<div class=\"wpb-content-wrapper\"><p>[vc_row][vc_column]<div class=\"wpforms-container wpforms-container-full\" id=\"wpforms-5027\"><form id=\"wpforms-form-5027\" class=\"wpforms-validate wpforms-form wpforms-ajax-form\" data-formid=\"5027\" method=\"post\" enctype=\"multipart\/form-data\" action=\"\/en\/wp-json\/wp\/v2\/pages\/3816\" data-token=\"e8ad530eb639d46f55f6e6ef34f0a671\" data-token-time=\"1779026901\"><noscript class=\"wpforms-error-noscript\">Please enable JavaScript in your browser to complete this form.<\/noscript><div class=\"wpforms-field-container\"><div id=\"wpforms-5027-field_2-container\" class=\"wpforms-field wpforms-field-name\" data-field-id=\"2\"><label class=\"wpforms-field-label\" for=\"wpforms-5027-field_2\">Votre Nom <span class=\"wpforms-required-label\">*<\/span><\/label><input type=\"text\" id=\"wpforms-5027-field_2\" class=\"wpforms-field-medium wpforms-field-required\" name=\"wpforms[fields][2]\" required><\/div><div id=\"wpforms-5027-field_5-container\" class=\"wpforms-field wpforms-field-email\" data-field-id=\"5\"><label class=\"wpforms-field-label\" for=\"wpforms-5027-field_5\">Courriel <span class=\"wpforms-required-label\">*<\/span><\/label><input type=\"email\" id=\"wpforms-5027-field_5\" class=\"wpforms-field-medium wpforms-field-required\" name=\"wpforms[fields][5]\" spellcheck=\"false\" required><\/div><div id=\"wpforms-5027-field_6-container\" class=\"wpforms-field wpforms-field-phone\" data-field-id=\"6\"><label class=\"wpforms-field-label\" for=\"wpforms-5027-field_6\">Num\u00e9ro de T\u00e9l\u00e9phone <span class=\"wpforms-required-label\">*<\/span><\/label><input type=\"tel\" id=\"wpforms-5027-field_6\" class=\"wpforms-field-medium wpforms-field-required wpforms-smart-phone-field\" data-rule-smart-phone-field=\"true\" name=\"wpforms[fields][6]\" aria-label=\"Num\u00e9ro de T\u00e9l\u00e9phone\" required><\/div><div id=\"wpforms-5027-field_10-container\" class=\"wpforms-field wpforms-field-address\" data-field-id=\"10\"><label class=\"wpforms-field-label\">Adresse d&#039;installation de pancarte <span class=\"wpforms-required-label\">*<\/span><\/label><div class=\"wpforms-field-row wpforms-field-medium\"><div ><input type=\"text\" id=\"wpforms-5027-field_10\" class=\"wpforms-field-address-address1 wpforms-field-required\" name=\"wpforms[fields][10][address1]\" required><label for=\"wpforms-5027-field_10\" class=\"wpforms-field-sublabel after\">Address Line 1<\/label><\/div><\/div><div class=\"wpforms-field-row wpforms-field-medium\"><div class=\"wpforms-field-row-block wpforms-one-half wpforms-first\"><input type=\"text\" id=\"wpforms-5027-field_10-city\" class=\"wpforms-field-address-city wpforms-field-required\" name=\"wpforms[fields][10][city]\" required><label for=\"wpforms-5027-field_10-city\" class=\"wpforms-field-sublabel after\">City<\/label><\/div><div class=\"wpforms-field-row-block wpforms-one-half\"><input type=\"text\" id=\"wpforms-5027-field_10-state\" class=\"wpforms-field-address-state wpforms-field-required\" name=\"wpforms[fields][10][state]\" required><label for=\"wpforms-5027-field_10-state\" class=\"wpforms-field-sublabel after\">State \/ Province \/ Region<\/label><\/div><\/div><div class=\"wpforms-field-row wpforms-field-medium\"><div class=\"wpforms-field-row-block wpforms-one-half wpforms-first\"><input type=\"text\" id=\"wpforms-5027-field_10-postal\" class=\"wpforms-field-address-postal wpforms-field-required\" name=\"wpforms[fields][10][postal]\" required><label for=\"wpforms-5027-field_10-postal\" class=\"wpforms-field-sublabel after\">Postal Code<\/label><\/div><\/div><\/div><div id=\"wpforms-5027-field_12-container\" class=\"wpforms-field wpforms-field-date-time wpforms-one-fourth wpforms-first\" data-field-id=\"12\"><label class=\"wpforms-field-label\" for=\"wpforms-5027-field_12\">Date de l&#039;\u00e9v\u00e9nement<\/label><div class=\"wpforms-datepicker-wrap\"><input type=\"text\" id=\"wpforms-5027-field_12\" class=\"wpforms-field-date-time-date wpforms-datepicker wpforms-field-medium\" data-date-format=\"m\/d\/Y\" data-disable-past-dates=\"1\" data-disable-todays-date=\"0\" data-input=\"true\" name=\"wpforms[fields][12][date]\" ><a title=\"Clear Date\" data-clear class=\"wpforms-datepicker-clear\" style=\"display:none;\"><\/a><\/div><\/div><div id=\"wpforms-5027-field_32-container\" class=\"wpforms-field wpforms-field-date-time wpforms-one-fourth\" data-field-id=\"32\"><label class=\"wpforms-field-label\" for=\"wpforms-5027-field_32-time\">Installer au plus tard \u00e0:<\/label><input type=\"text\" id=\"wpforms-5027-field_32-time\" class=\"wpforms-field-date-time-time wpforms-timepicker wpforms-field-medium\" data-time-format=\"H:i\" data-step=\"15\" data-rule-time24h=\"true\" name=\"wpforms[fields][32][time]\" ><\/div><div id=\"wpforms-5027-field_33-container\" class=\"wpforms-field wpforms-field-text\" data-field-id=\"33\"><label class=\"wpforms-field-label\" for=\"wpforms-5027-field_33\">Phrase que vous souhaitez \u00e9crire: ***La configuration standard comprend environ 12 \u00e0 15 decorations pour accompagner les lettres<\/label><input type=\"text\" id=\"wpforms-5027-field_33\" class=\"wpforms-field-medium\" name=\"wpforms[fields][33]\" ><\/div><div id=\"wpforms-5027-field_11-container\" class=\"wpforms-field wpforms-field-textarea\" data-field-id=\"11\"><label class=\"wpforms-field-label\" for=\"wpforms-5027-field_11\">D\u00e9tails: activit\u00e9s \/ int\u00e9r\u00eats, couleurs pr\u00e9f\u00e9r\u00e9es, tout ce que nous devons savoir. etc ***Attention, nous ne sommes pas en mesure de garantir l&#039;exactitude des couleurs choisies, mais nous veillerons \u00e0 faire de notre mieux pour r\u00e9pondre \u00e0 votre demande <span class=\"wpforms-required-label\">*<\/span><\/label><textarea id=\"wpforms-5027-field_11\" class=\"wpforms-field-medium wpforms-field-required\" name=\"wpforms[fields][11]\" required><\/textarea><\/div><div id=\"wpforms-5027-field_34-container\" class=\"wpforms-field wpforms-field-text wpforms-one-fourth wpforms-first\" data-field-id=\"34\"><label class=\"wpforms-field-label\" for=\"wpforms-5027-field_34\">Veuillez pr\u00e9ciser le sexe et l&#039;\u00e2ge de la personne:<\/label><input type=\"text\" id=\"wpforms-5027-field_34\" class=\"wpforms-field-medium\" name=\"wpforms[fields][34]\" ><\/div><div id=\"wpforms-5027-field_35-container\" class=\"wpforms-field wpforms-field-text wpforms-one-fourth\" data-field-id=\"35\"><label class=\"wpforms-field-label\" for=\"wpforms-5027-field_35\">Couleurs \u00e0 \u00e9viter: <\/label><input type=\"text\" id=\"wpforms-5027-field_35\" class=\"wpforms-field-medium\" name=\"wpforms[fields][35]\" ><\/div><div id=\"wpforms-5027-field_36-container\" class=\"wpforms-field wpforms-field-textarea\" data-field-id=\"36\"><label class=\"wpforms-field-label\" for=\"wpforms-5027-field_36\">Toute instruction sp\u00e9cifique pour l&#039;installation du panneau: <span class=\"wpforms-required-label\">*<\/span><\/label><textarea id=\"wpforms-5027-field_36\" class=\"wpforms-field-medium wpforms-field-required\" name=\"wpforms[fields][36]\" required><\/textarea><\/div><div id=\"wpforms-5027-field_37-container\" class=\"wpforms-field wpforms-field-checkbox\" data-field-id=\"37\"><label class=\"wpforms-field-label\">Souhaitez-vous ajouter un extra \u00e0 votre pancarte?<\/label><ul id=\"wpforms-5027-field_37\"><li class=\"choice-1 depth-1\"><input type=\"checkbox\" id=\"wpforms-5027-field_37_1\" name=\"wpforms[fields][37][]\" value=\"Projecteurs pour une meilleure visibilit\u00e9 nocturne - 20 $\"  ><label class=\"wpforms-field-label-inline\" for=\"wpforms-5027-field_37_1\">Projecteurs pour une meilleure visibilit\u00e9 nocturne - 20 $<\/label><\/li><li class=\"choice-2 depth-1\"><input type=\"checkbox\" id=\"wpforms-5027-field_37_2\" name=\"wpforms[fields][37][]\" value=\"1 x Bouquet de ballons d&#039;ext\u00e9rieur en vinyle - 40 $\"  ><label class=\"wpforms-field-label-inline\" for=\"wpforms-5027-field_37_2\">1 x Bouquet de ballons d'ext\u00e9rieur en vinyle - 40 $<\/label><\/li><li class=\"choice-3 depth-1\"><input type=\"checkbox\" id=\"wpforms-5027-field_37_3\" name=\"wpforms[fields][37][]\" value=\"2 x Bouquet de ballons d&#039;ext\u00e9rieur en vinyle - 60 $\"  ><label class=\"wpforms-field-label-inline\" for=\"wpforms-5027-field_37_3\">2 x Bouquet de ballons d'ext\u00e9rieur en vinyle - 60 $<\/label><\/li><li class=\"choice-4 depth-1\"><input type=\"checkbox\" id=\"wpforms-5027-field_37_4\" name=\"wpforms[fields][37][]\" value=\"Bonhomme Dansant - 60$\"  ><label class=\"wpforms-field-label-inline\" for=\"wpforms-5027-field_37_4\">Bonhomme Dansant - 60$<\/label><\/li><li class=\"choice-5 depth-1\"><input type=\"checkbox\" id=\"wpforms-5027-field_37_5\" name=\"wpforms[fields][37][]\" value=\"Cadre selfie - 10$\"  ><label class=\"wpforms-field-label-inline\" for=\"wpforms-5027-field_37_5\">Cadre selfie - 10$<\/label><\/li><li class=\"choice-6 depth-1\"><input type=\"checkbox\" id=\"wpforms-5027-field_37_6\" name=\"wpforms[fields][37][]\" value=\"Une journ\u00e9e suppl\u00e9mentaire - 30$\"  ><label class=\"wpforms-field-label-inline\" for=\"wpforms-5027-field_37_6\">Une journ\u00e9e suppl\u00e9mentaire - 30$<\/label><\/li><li class=\"choice-7 depth-1\"><input type=\"checkbox\" id=\"wpforms-5027-field_37_7\" name=\"wpforms[fields][37][]\" value=\"Pluie de C\u0153urs (20 c\u0153urs supplementaires sur le terrain) -30$\"  ><label class=\"wpforms-field-label-inline\" for=\"wpforms-5027-field_37_7\">Pluie de C\u0153urs (20 c\u0153urs supplementaires sur le terrain) -30$<\/label><\/li><li class=\"choice-8 depth-1\"><input type=\"checkbox\" id=\"wpforms-5027-field_37_8\" name=\"wpforms[fields][37][]\" value=\"F\u00eate des flamants roses ( 30 flamants roses) - 50$\"  ><label class=\"wpforms-field-label-inline\" for=\"wpforms-5027-field_37_8\">F\u00eate des flamants roses ( 30 flamants roses) - 50$<\/label><\/li><li class=\"choice-9 depth-1\"><input type=\"checkbox\" id=\"wpforms-5027-field_37_9\" name=\"wpforms[fields][37][]\" value=\"Mega F\u00eate des flamants roses ( 50 flamants roses) - 80$\"  ><label class=\"wpforms-field-label-inline\" for=\"wpforms-5027-field_37_9\">Mega F\u00eate des flamants roses ( 50 flamants roses) - 80$<\/label><\/li><\/ul><\/div><div id=\"wpforms-5027-field_16-container\" class=\"wpforms-field wpforms-field-radio\" data-field-id=\"16\"><label class=\"wpforms-field-label\">Comment avez-vous entendu parler de nous: <span class=\"wpforms-required-label\">*<\/span><\/label><ul id=\"wpforms-5027-field_16\" class=\"wpforms-field-required\"><li class=\"choice-1 depth-1\"><input type=\"radio\" id=\"wpforms-5027-field_16_1\" name=\"wpforms[fields][16]\" value=\"Facebook\" required ><label class=\"wpforms-field-label-inline\" for=\"wpforms-5027-field_16_1\">Facebook<\/label><\/li><li class=\"choice-2 depth-1\"><input type=\"radio\" id=\"wpforms-5027-field_16_2\" name=\"wpforms[fields][16]\" value=\"Instagram\" required ><label class=\"wpforms-field-label-inline\" for=\"wpforms-5027-field_16_2\">Instagram<\/label><\/li><li class=\"choice-3 depth-1\"><input type=\"radio\" id=\"wpforms-5027-field_16_3\" name=\"wpforms[fields][16]\" value=\"Ami (e)\" required ><label class=\"wpforms-field-label-inline\" for=\"wpforms-5027-field_16_3\">Ami (e)<\/label><\/li><li class=\"choice-4 depth-1\"><input type=\"radio\" id=\"wpforms-5027-field_16_4\" name=\"wpforms[fields][16]\" value=\"Google\" required ><label class=\"wpforms-field-label-inline\" for=\"wpforms-5027-field_16_4\">Google<\/label><\/li><li class=\"choice-5 depth-1\"><input type=\"radio\" id=\"wpforms-5027-field_16_5\" name=\"wpforms[fields][16]\" value=\"J&#039;ai vu une de vos installations\" required ><label class=\"wpforms-field-label-inline\" for=\"wpforms-5027-field_16_5\">J'ai vu une de vos installations<\/label><\/li><li class=\"choice-6 depth-1\"><input type=\"radio\" id=\"wpforms-5027-field_16_6\" name=\"wpforms[fields][16]\" value=\"Autre\" required ><label class=\"wpforms-field-label-inline\" for=\"wpforms-5027-field_16_6\">Autre<\/label><\/li><\/ul><\/div><div id=\"wpforms-5027-field_24-container\" class=\"wpforms-field wpforms-field-radio\" data-field-id=\"24\"><label class=\"wpforms-field-label\">Avez-vous parl\u00e9 \u00e0 un agent avant de remplir ce formulaire?<\/label><ul id=\"wpforms-5027-field_24\"><li class=\"choice-2 depth-1\"><input type=\"radio\" id=\"wpforms-5027-field_24_2\" name=\"wpforms[fields][24]\" value=\"Ina\"  ><label class=\"wpforms-field-label-inline\" for=\"wpforms-5027-field_24_2\">Ina<\/label><\/li><li class=\"choice-3 depth-1\"><input type=\"radio\" id=\"wpforms-5027-field_24_3\" name=\"wpforms[fields][24]\" value=\"Kseniya\"  ><label class=\"wpforms-field-label-inline\" for=\"wpforms-5027-field_24_3\">Kseniya<\/label><\/li><li class=\"choice-4 depth-1\"><input type=\"radio\" id=\"wpforms-5027-field_24_4\" name=\"wpforms[fields][24]\" value=\"Antonina\"  ><label class=\"wpforms-field-label-inline\" for=\"wpforms-5027-field_24_4\">Antonina<\/label><\/li><li class=\"choice-5 depth-1\"><input type=\"radio\" id=\"wpforms-5027-field_24_5\" name=\"wpforms[fields][24]\" value=\"Karina\"  ><label class=\"wpforms-field-label-inline\" for=\"wpforms-5027-field_24_5\">Karina<\/label><\/li><li class=\"choice-7 depth-1\"><input type=\"radio\" id=\"wpforms-5027-field_24_7\" name=\"wpforms[fields][24]\" value=\"Yes, but I don&#039;t know the name\"  ><label class=\"wpforms-field-label-inline\" for=\"wpforms-5027-field_24_7\">Yes, but I don't know the name<\/label><\/li><li class=\"choice-8 depth-1\"><input type=\"radio\" id=\"wpforms-5027-field_24_8\" name=\"wpforms[fields][24]\" value=\"No\"  ><label class=\"wpforms-field-label-inline\" for=\"wpforms-5027-field_24_8\">No<\/label><\/li><li class=\"choice-9 depth-1\"><input type=\"radio\" id=\"wpforms-5027-field_24_9\" name=\"wpforms[fields][24]\" value=\"I am a return customer\"  ><label class=\"wpforms-field-label-inline\" for=\"wpforms-5027-field_24_9\">I am a return customer<\/label><\/li><\/ul><\/div><div id=\"wpforms-5027-field_17-container\" class=\"wpforms-field wpforms-field-radio\" data-field-id=\"17\"><label class=\"wpforms-field-label\">Veuillez noter que nous ne sommes pas en mesure de garantir l&#039;exactitude des couleurs\/d\u00e9coration choisies, mais nous ferons de notre mieux pour r\u00e9pondre \u00e0 votre demande. La configuration standard comprend environ 12 \u00e0 15 decorations pour accompagner les lettres <span class=\"wpforms-required-label\">*<\/span><\/label><ul id=\"wpforms-5027-field_17\" class=\"wpforms-field-required\"><li class=\"choice-1 depth-1\"><input type=\"radio\" id=\"wpforms-5027-field_17_1\" name=\"wpforms[fields][17]\" value=\"J&#039;accepte\" required ><label class=\"wpforms-field-label-inline\" for=\"wpforms-5027-field_17_1\">J'accepte<\/label><\/li><\/ul><\/div><div id=\"wpforms-5027-field_38-container\" class=\"wpforms-field wpforms-field-radio\" data-field-id=\"38\"><label class=\"wpforms-field-label\">Lorsque Je commande une pancarte chez Funparty, j&#039;accepte de m&#039;occuper  pendant que la pancarte est  dans ma cour, y compris de NE PAS les d\u00e9placer, de NE PAS tondre, de NE PAS y attacher de ballons. Je comprends que tout dommage ou perte de panneaux me sera factur\u00e9.  <span class=\"wpforms-required-label\">*<\/span><\/label><ul id=\"wpforms-5027-field_38\" class=\"wpforms-field-required\"><li class=\"choice-1 depth-1\"><input type=\"radio\" id=\"wpforms-5027-field_38_1\" name=\"wpforms[fields][38]\" value=\"Je suis d&#039;accord\" required ><label class=\"wpforms-field-label-inline\" for=\"wpforms-5027-field_38_1\">Je suis d'accord<\/label><\/li><\/ul><\/div><\/div><!-- .wpforms-field-container --><div class=\"wpforms-recaptcha-container wpforms-is-recaptcha wpforms-is-recaptcha-type-v2\" ><div class=\"g-recaptcha\" data-sitekey=\"6LeUD2ArAAAAAMd-QOFaYCMyptu6nQDixfT_MYVX\"><\/div><input type=\"text\" name=\"g-recaptcha-hidden\" class=\"wpforms-recaptcha-hidden\" style=\"position:absolute!important;clip:rect(0,0,0,0)!important;height:1px!important;width:1px!important;border:0!important;overflow:hidden!important;padding:0!important;margin:0!important;\" data-rule-recaptcha=\"1\"><\/div><div class=\"wpforms-submit-container\" ><input type=\"hidden\" name=\"wpforms[id]\" value=\"5027\"><input type=\"hidden\" name=\"page_title\" value=\"\"><input type=\"hidden\" name=\"page_url\" value=\"https:\/\/funparty.ca\/en\/wp-json\/wp\/v2\/pages\/3816\"><input type=\"hidden\" name=\"url_referer\" value=\"\"><button type=\"submit\" name=\"wpforms[submit]\" id=\"wpforms-submit-5027\" class=\"wpforms-submit\" data-alt-text=\"Envoi en cours ...\" data-submit-text=\"Soumettre\" aria-live=\"assertive\" value=\"wpforms-submit\">Soumettre<\/button><img loading=\"lazy\" decoding=\"async\" src=\"https:\/\/funparty.ca\/wp-content\/plugins\/wpforms\/assets\/images\/submit-spin.svg\" class=\"wpforms-submit-spinner\" style=\"display: none;\" width=\"26\" height=\"26\" alt=\"Loading\"><\/div><\/form><\/div>  <!-- .wpforms-container -->[\/vc_column][\/vc_row]<\/p>\n<\/div>","protected":false},"excerpt":{"rendered":"<p>[vc_row][vc_column][\/vc_column][\/vc_row]<\/p>\n","protected":false},"author":1,"featured_media":0,"parent":0,"menu_order":0,"comment_status":"closed","ping_status":"closed","template":"","meta":{"_yoast_wpseo_focuskw":"","_yoast_wpseo_title":"","_yoast_wpseo_metadesc":"","_yoast_wpseo_meta-robots-noindex":"","_yoast_wpseo_meta-robots-nofollow":"","_yoast_wpseo_canonical":"","footnotes":""},"class_list":["post-3816","page","type-page","status-publish","hentry"],"yoast_head":"<!-- This site is optimized with the Yoast SEO plugin v27.6 - https:\/\/yoast.com\/product\/yoast-seo-wordpress\/ -->\n<title>Yard Cards Booking Form - Fun Party - Location de Mascotte et Jeux Gonflables au Quebec<\/title>\n<meta name=\"robots\" content=\"index, follow, max-snippet:-1, max-image-preview:large, max-video-preview:-1\" \/>\n<link rel=\"canonical\" href=\"https:\/\/funparty.ca\/en\/yard-cards-booking-form\/\" \/>\n<meta property=\"og:locale\" content=\"en_US\" \/>\n<meta property=\"og:type\" content=\"article\" \/>\n<meta property=\"og:title\" content=\"Yard Cards Booking Form - Fun Party - Location de Mascotte et Jeux Gonflables au Quebec\" \/>\n<meta property=\"og:description\" content=\"[vc_row][vc_column][\/vc_column][\/vc_row]\" \/>\n<meta property=\"og:url\" content=\"https:\/\/funparty.ca\/en\/yard-cards-booking-form\/\" \/>\n<meta property=\"og:site_name\" content=\"Fun Party - Location de Mascotte et Jeux Gonflables au Quebec\" \/>\n<meta property=\"article:modified_time\" content=\"2022-04-29T00:55:44+00:00\" \/>\n<meta name=\"twitter:card\" content=\"summary_large_image\" \/>\n<meta name=\"twitter:label1\" content=\"Est. reading time\" \/>\n\t<meta name=\"twitter:data1\" content=\"1 minute\" \/>\n<script type=\"application\/ld+json\" class=\"yoast-schema-graph\">{\"@context\":\"https:\\\/\\\/schema.org\",\"@graph\":[{\"@type\":\"WebPage\",\"@id\":\"https:\\\/\\\/funparty.ca\\\/en\\\/yard-cards-booking-form\\\/\",\"url\":\"https:\\\/\\\/funparty.ca\\\/en\\\/yard-cards-booking-form\\\/\",\"name\":\"Yard Cards Booking Form - Fun Party - Location de Mascotte et Jeux Gonflables au Quebec\",\"isPartOf\":{\"@id\":\"https:\\\/\\\/funparty.ca\\\/en\\\/#website\"},\"datePublished\":\"2021-12-09T16:57:30+00:00\",\"dateModified\":\"2022-04-29T00:55:44+00:00\",\"breadcrumb\":{\"@id\":\"https:\\\/\\\/funparty.ca\\\/en\\\/yard-cards-booking-form\\\/#breadcrumb\"},\"inLanguage\":\"en-US\",\"potentialAction\":[{\"@type\":\"ReadAction\",\"target\":[\"https:\\\/\\\/funparty.ca\\\/en\\\/yard-cards-booking-form\\\/\"]}]},{\"@type\":\"BreadcrumbList\",\"@id\":\"https:\\\/\\\/funparty.ca\\\/en\\\/yard-cards-booking-form\\\/#breadcrumb\",\"itemListElement\":[{\"@type\":\"ListItem\",\"position\":1,\"name\":\"Home\",\"item\":\"https:\\\/\\\/funparty.ca\\\/en\\\/\"},{\"@type\":\"ListItem\",\"position\":2,\"name\":\"Yard Cards Booking Form\"}]},{\"@type\":\"WebSite\",\"@id\":\"https:\\\/\\\/funparty.ca\\\/en\\\/#website\",\"url\":\"https:\\\/\\\/funparty.ca\\\/en\\\/\",\"name\":\"Fun Party - Location de Mascotte et Jeux Gonflables au Quebec\",\"description\":\"Location de mascottes et Jeux Gonflables a Montreal, Mascottes a louer, animation mascotte, mascottes a Montreal\",\"potentialAction\":[{\"@type\":\"SearchAction\",\"target\":{\"@type\":\"EntryPoint\",\"urlTemplate\":\"https:\\\/\\\/funparty.ca\\\/en\\\/?s={search_term_string}\"},\"query-input\":{\"@type\":\"PropertyValueSpecification\",\"valueRequired\":true,\"valueName\":\"search_term_string\"}}],\"inLanguage\":\"en-US\"}]}<\/script>\n<!-- \/ Yoast SEO plugin. -->","yoast_head_json":{"title":"Yard Cards Booking Form - Fun Party - Location de Mascotte et Jeux Gonflables au Quebec","robots":{"index":"index","follow":"follow","max-snippet":"max-snippet:-1","max-image-preview":"max-image-preview:large","max-video-preview":"max-video-preview:-1"},"canonical":"https:\/\/funparty.ca\/en\/yard-cards-booking-form\/","og_locale":"en_US","og_type":"article","og_title":"Yard Cards Booking Form - Fun Party - Location de Mascotte et Jeux Gonflables au Quebec","og_description":"[vc_row][vc_column][\/vc_column][\/vc_row]","og_url":"https:\/\/funparty.ca\/en\/yard-cards-booking-form\/","og_site_name":"Fun Party - Location de Mascotte et Jeux Gonflables au Quebec","article_modified_time":"2022-04-29T00:55:44+00:00","twitter_card":"summary_large_image","twitter_misc":{"Est. reading time":"1 minute"},"schema":{"@context":"https:\/\/schema.org","@graph":[{"@type":"WebPage","@id":"https:\/\/funparty.ca\/en\/yard-cards-booking-form\/","url":"https:\/\/funparty.ca\/en\/yard-cards-booking-form\/","name":"Yard Cards Booking Form - Fun Party - Location de Mascotte et Jeux Gonflables au Quebec","isPartOf":{"@id":"https:\/\/funparty.ca\/en\/#website"},"datePublished":"2021-12-09T16:57:30+00:00","dateModified":"2022-04-29T00:55:44+00:00","breadcrumb":{"@id":"https:\/\/funparty.ca\/en\/yard-cards-booking-form\/#breadcrumb"},"inLanguage":"en-US","potentialAction":[{"@type":"ReadAction","target":["https:\/\/funparty.ca\/en\/yard-cards-booking-form\/"]}]},{"@type":"BreadcrumbList","@id":"https:\/\/funparty.ca\/en\/yard-cards-booking-form\/#breadcrumb","itemListElement":[{"@type":"ListItem","position":1,"name":"Home","item":"https:\/\/funparty.ca\/en\/"},{"@type":"ListItem","position":2,"name":"Yard Cards Booking Form"}]},{"@type":"WebSite","@id":"https:\/\/funparty.ca\/en\/#website","url":"https:\/\/funparty.ca\/en\/","name":"Fun Party - Location de Mascotte et Jeux Gonflables au Quebec","description":"Location de mascottes et Jeux Gonflables a Montreal, Mascottes a louer, animation mascotte, mascottes a Montreal","potentialAction":[{"@type":"SearchAction","target":{"@type":"EntryPoint","urlTemplate":"https:\/\/funparty.ca\/en\/?s={search_term_string}"},"query-input":{"@type":"PropertyValueSpecification","valueRequired":true,"valueName":"search_term_string"}}],"inLanguage":"en-US"}]}},"_links":{"self":[{"href":"https:\/\/funparty.ca\/en\/wp-json\/wp\/v2\/pages\/3816","targetHints":{"allow":["GET"]}}],"collection":[{"href":"https:\/\/funparty.ca\/en\/wp-json\/wp\/v2\/pages"}],"about":[{"href":"https:\/\/funparty.ca\/en\/wp-json\/wp\/v2\/types\/page"}],"author":[{"embeddable":true,"href":"https:\/\/funparty.ca\/en\/wp-json\/wp\/v2\/users\/1"}],"replies":[{"embeddable":true,"href":"https:\/\/funparty.ca\/en\/wp-json\/wp\/v2\/comments?post=3816"}],"version-history":[{"count":0,"href":"https:\/\/funparty.ca\/en\/wp-json\/wp\/v2\/pages\/3816\/revisions"}],"wp:attachment":[{"href":"https:\/\/funparty.ca\/en\/wp-json\/wp\/v2\/media?parent=3816"}],"curies":[{"name":"wp","href":"https:\/\/api.w.org\/{rel}","templated":true}]}}