{"id":35,"date":"2021-04-23T11:10:42","date_gmt":"2021-04-23T11:10:42","guid":{"rendered":"http:\/\/funparty.ca\/?page_id=35"},"modified":"2025-09-05T05:25:27","modified_gmt":"2025-09-05T09:25:27","slug":"services","status":"publish","type":"page","link":"https:\/\/funparty.ca\/en\/services\/","title":{"rendered":"Services"},"content":{"rendered":"<div class=\"wpb-content-wrapper\"><p>[vc_row css_animation=&#8221;none&#8221; css=&#8221;.vc_custom_1757064198288{margin-top: 50px !important;margin-bottom: 50px !important;}&#8221; mobile_bg_img_hidden=&#8221;no&#8221; tablet_bg_img_hidden=&#8221;no&#8221; woodmart_parallax=&#8221;0&#8243; woodmart_gradient_switch=&#8221;no&#8221; row_reverse_mobile=&#8221;0&#8243; row_reverse_tablet=&#8221;0&#8243; woodmart_disable_overflow=&#8221;0&#8243; woodmart_css_id=&#8221;68baabfef0987&#8243; responsive_spacing=&#8221;eyJwYXJhbV90eXBlIjoid29vZG1hcnRfcmVzcG9uc2l2ZV9zcGFjaW5nIiwic2VsZWN0b3JfaWQiOiI2OGJhYWJmZWYwOTg3Iiwic2hvcnRjb2RlIjoidmNfcm93IiwiZGF0YSI6eyJ0YWJsZXQiOnt9LCJtb2JpbGUiOnt9fX0=&#8221; woodmart_box_shadow=&#8221;no&#8221; wd_z_index=&#8221;no&#8221;][vc_column][vc_custom_heading text=&#8221;Services&#8221; font_container=&#8221;tag:h2|font_size:48|text_align:center&#8221; use_theme_fonts=&#8221;yes&#8221;][vc_separator color=&#8221;custom&#8221; style=&#8221;dashed&#8221; border_width=&#8221;3&#8243; el_width=&#8221;10&#8243; accent_color=&#8221;#ff9800&#8243;][vc_column_text woodmart_inline=&#8221;no&#8221; text_larger=&#8221;no&#8221;]<\/p>\n<p style=\"text-align: center;\">Fill your event with bright details, so that children\u2019s smiles glow even brighter!<\/p>\n<p>[\/vc_column_text][\/vc_column][\/vc_row][vc_row equal_height=&#8221;yes&#8221; css_animation=&#8221;none&#8221; css=&#8221;.vc_custom_1757064217797{margin-top: 50px !important;margin-bottom: 50px !important;}&#8221; mobile_bg_img_hidden=&#8221;no&#8221; tablet_bg_img_hidden=&#8221;no&#8221; woodmart_parallax=&#8221;0&#8243; woodmart_gradient_switch=&#8221;no&#8221; row_reverse_mobile=&#8221;0&#8243; row_reverse_tablet=&#8221;0&#8243; woodmart_disable_overflow=&#8221;0&#8243; woodmart_css_id=&#8221;68baac133ab3c&#8221; responsive_spacing=&#8221;eyJwYXJhbV90eXBlIjoid29vZG1hcnRfcmVzcG9uc2l2ZV9zcGFjaW5nIiwic2VsZWN0b3JfaWQiOiI2OGJhYWMxMzNhYjNjIiwic2hvcnRjb2RlIjoidmNfcm93IiwiZGF0YSI6eyJ0YWJsZXQiOnt9LCJtb2JpbGUiOnt9fX0=&#8221; woodmart_box_shadow=&#8221;no&#8221; wd_z_index=&#8221;no&#8221;][vc_column width=&#8221;1\/3&#8243;][vc_single_image image=&#8221;45&#8243; alignment=&#8221;center&#8221; woodmart_inline=&#8221;no&#8221; parallax_scroll=&#8221;no&#8221;][vc_column_text woodmart_inline=&#8221;no&#8221; text_larger=&#8221;no&#8221;]<\/p>\n<h2 style=\"text-align: center;\">Mascots Rental<\/h2>\n<p>[\/vc_column_text][vc_separator color=&#8221;custom&#8221; style=&#8221;dashed&#8221; border_width=&#8221;3&#8243; el_width=&#8221;50&#8243; accent_color=&#8221;#ff9800&#8243;][vc_column_text woodmart_inline=&#8221;no&#8221; text_larger=&#8221;no&#8221;]<\/p>\n<p style=\"text-align: center;\">Mascots are an essential attribute of any event, organizers and heroes of spectacular interactive shows, a source of joy, laughter and positive mood. Is your kid dreaming of the birthday party with a Minions or Frozen-Elsa? Do you hold a party for your employees or a promotion in the store? Do not forget to invite our amazing mascots!<\/p>\n<p>[\/vc_column_text]<div id=\"wd-61abceb62ee92\" class=\" wd-rs-61abceb62ee92  wd-button-wrapper text-center\"><a href=\"http:\/\/funparty.ca\/en\/product-category\/mascots\/\" title=\"\" style=\"--btn-color:#fff;--btn-color-hover:#fff;\" class=\"btn btn-style-default btn-shape-semi-round btn-size-large\">Learn More<\/a><\/div>[\/vc_column][vc_column width=&#8221;1\/3&#8243;][vc_single_image image=&#8221;47&#8243; alignment=&#8221;center&#8221; woodmart_inline=&#8221;no&#8221; parallax_scroll=&#8221;no&#8221;][vc_column_text woodmart_inline=&#8221;no&#8221; text_larger=&#8221;no&#8221;]<\/p>\n<h2 style=\"text-align: center;\">Animation<\/h2>\n<p>[\/vc_column_text][vc_separator color=&#8221;custom&#8221; style=&#8221;dashed&#8221; border_width=&#8221;3&#8243; el_width=&#8221;50&#8243; accent_color=&#8221;#ff9800&#8243;][vc_column_text woodmart_inline=&#8221;no&#8221; text_larger=&#8221;no&#8221;]<\/p>\n<p style=\"text-align: center;\">Kids loves cartoons and want to get into a fairy tale? Dreams must come true! Give your child a happy day by inviting our animators to the holiday. Meeting the favorite characters, enjoying with an interesting contests and exciting interactive games, traveling around the country of fairy tales \u2013 all of this and much more can be organized for you by Fun Party\u2019s animators. No one will be bored!<\/p>\n<p>[\/vc_column_text]<div id=\"wd-61abcec498a8d\" class=\" wd-rs-61abcec498a8d  wd-button-wrapper text-center\"><a href=\"http:\/\/funparty.ca\/en\/our-animations\/\" title=\"\" style=\"--btn-color:#fff;--btn-color-hover:#fff;\" class=\"btn btn-style-default btn-shape-semi-round btn-size-large\">Learn More<\/a><\/div>[\/vc_column][vc_column width=&#8221;1\/3&#8243;][vc_single_image image=&#8221;48&#8243; alignment=&#8221;center&#8221; woodmart_inline=&#8221;no&#8221; parallax_scroll=&#8221;no&#8221;][vc_column_text woodmart_inline=&#8221;no&#8221; text_larger=&#8221;no&#8221;]<\/p>\n<h2 style=\"text-align: center;\">Bouncy Castles<\/h2>\n<p>[\/vc_column_text][vc_separator color=&#8221;custom&#8221; style=&#8221;dashed&#8221; border_width=&#8221;3&#8243; el_width=&#8221;50&#8243; accent_color=&#8221;#ff9800&#8243;][vc_column_text woodmart_inline=&#8221;no&#8221; text_larger=&#8221;no&#8221;]<\/p>\n<p style=\"text-align: center;\">Our Bounce Houses and Bounce Castles are great heavy duty activity for your children to spare leisure time. Easy to set up &amp; take down, it can be blown up quickly. You can carry bounce house conveniently to anywhere by a durable carrying bag without the restrict ion of location for your children to enjoy the fun!<\/p>\n<p>[\/vc_column_text]<div id=\"wd-61abced805575\" class=\" wd-rs-61abced805575  wd-button-wrapper text-center\"><a href=\"http:\/\/funparty.ca\/en\/product-category\/bouncy-castles\/\" title=\"\" style=\"--btn-color:#fff;--btn-color-hover:#fff;\" class=\"btn btn-style-default btn-shape-semi-round btn-size-large\">Learn More<\/a><\/div>[\/vc_column][\/vc_row][vc_row equal_height=&#8221;yes&#8221; css_animation=&#8221;none&#8221; css=&#8221;.vc_custom_1757064241522{margin-top: 50px !important;margin-bottom: 50px !important;}&#8221; mobile_bg_img_hidden=&#8221;no&#8221; tablet_bg_img_hidden=&#8221;no&#8221; woodmart_parallax=&#8221;0&#8243; woodmart_gradient_switch=&#8221;no&#8221; row_reverse_mobile=&#8221;0&#8243; row_reverse_tablet=&#8221;0&#8243; woodmart_disable_overflow=&#8221;0&#8243; woodmart_css_id=&#8221;68baac2823b73&#8243; responsive_spacing=&#8221;eyJwYXJhbV90eXBlIjoid29vZG1hcnRfcmVzcG9uc2l2ZV9zcGFjaW5nIiwic2VsZWN0b3JfaWQiOiI2OGJhYWMyODIzYjczIiwic2hvcnRjb2RlIjoidmNfcm93IiwiZGF0YSI6eyJ0YWJsZXQiOnt9LCJtb2JpbGUiOnt9fX0=&#8221; woodmart_box_shadow=&#8221;no&#8221; wd_z_index=&#8221;no&#8221;][vc_column width=&#8221;1\/3&#8243;][vc_single_image image=&#8221;53&#8243; alignment=&#8221;center&#8221; woodmart_inline=&#8221;no&#8221; parallax_scroll=&#8221;no&#8221;][vc_column_text woodmart_inline=&#8221;no&#8221; text_larger=&#8221;no&#8221;]<\/p>\n<h2 style=\"text-align: center;\">Special Party Equipment<\/h2>\n<p>[\/vc_column_text][vc_separator color=&#8221;custom&#8221; style=&#8221;dashed&#8221; border_width=&#8221;3&#8243; el_width=&#8221;50&#8243; accent_color=&#8221;#ff9800&#8243;][vc_column_text woodmart_inline=&#8221;no&#8221; text_larger=&#8221;no&#8221;]<\/p>\n<p style=\"text-align: center;\">We stock a range of special effects for a variety of applications. Whether you are staging a performance, a corporate event or a party, our effects can be an impressive addition.With the Party Bubble and Fog Machine is so easy to create a magic show to please your guests of all ages.<\/p>\n<p>[\/vc_column_text]<div id=\"wd-61abceea51856\" class=\" wd-rs-61abceea51856  wd-button-wrapper text-center\"><a href=\"http:\/\/funparty.ca\/en\/product-category\/special-party-equipment\/\" title=\"\" style=\"--btn-color:#fff;--btn-color-hover:#fff;\" class=\"btn btn-style-default btn-shape-semi-round btn-size-large\">Learn More<\/a><\/div>[\/vc_column][vc_column width=&#8221;1\/3&#8243;][vc_single_image image=&#8221;52&#8243; alignment=&#8221;center&#8221; woodmart_inline=&#8221;no&#8221; parallax_scroll=&#8221;no&#8221;][vc_column_text woodmart_inline=&#8221;no&#8221; text_larger=&#8221;no&#8221;]<\/p>\n<h2 style=\"text-align: center;\">Food Party Machines<\/h2>\n<p>[\/vc_column_text][vc_separator color=&#8221;custom&#8221; style=&#8221;dashed&#8221; border_width=&#8221;3&#8243; el_width=&#8221;50&#8243; accent_color=&#8221;#ff9800&#8243;][vc_column_text woodmart_inline=&#8221;no&#8221; text_larger=&#8221;no&#8221;]<\/p>\n<p style=\"text-align: center;\">We offer a variety of party food machines including candy floss machines, popcorn machines, hot dog grill maker and snow cone machines. Your guests can enjoy their favorite delicacy, cook cotton candy, hot dogs and popcorn with their own hands.<\/p>\n<p>[\/vc_column_text]<div id=\"wd-61abcef5de886\" class=\" wd-rs-61abcef5de886  wd-button-wrapper text-center\"><a href=\"http:\/\/funparty.ca\/en\/product-category\/food-party-machines\/\" title=\"\" style=\"--btn-color:#fff;--btn-color-hover:#fff;\" class=\"btn btn-style-default btn-shape-semi-round btn-size-large\">Learn More<\/a><\/div>[\/vc_column][vc_column width=&#8221;1\/3&#8243;][vc_single_image image=&#8221;51&#8243; alignment=&#8221;center&#8221; woodmart_inline=&#8221;no&#8221; parallax_scroll=&#8221;no&#8221;][vc_column_text woodmart_inline=&#8221;no&#8221; text_larger=&#8221;no&#8221;]<\/p>\n<h2 style=\"text-align: center;\">Giant Games<\/h2>\n<p>[\/vc_column_text][vc_separator color=&#8221;custom&#8221; style=&#8221;dashed&#8221; border_width=&#8221;3&#8243; el_width=&#8221;50&#8243; accent_color=&#8221;#ff9800&#8243;][vc_column_text woodmart_inline=&#8221;no&#8221; text_larger=&#8221;no&#8221;]<\/p>\n<p style=\"text-align: center;\">It\u2019s the games of our childhood which have grown up with us through the years and they\u2019re available to hire for your events. Because of the fun filled nature of these games, they\u2019re a perfect fit for a variety of events. Whether we\u2019re attending your corporate fun day, fundraising event or fete, or that big day, your wedding!<\/p>\n<p>[\/vc_column_text]<div id=\"wd-61abcf020c03a\" class=\" wd-rs-61abcf020c03a  wd-button-wrapper text-center\"><a href=\"http:\/\/funparty.ca\/en\/product-category\/giant-games\/\" title=\"\" style=\"--btn-color:#fff;--btn-color-hover:#fff;\" class=\"btn btn-style-default btn-shape-semi-round btn-size-large\">Learn More<\/a><\/div>[\/vc_column][\/vc_row][vc_row gap=&#8221;35&#8243; content_placement=&#8221;middle&#8221; parallax=&#8221;content-moving&#8221; parallax_image=&#8221;301&#8243; css_animation=&#8221;none&#8221; woodmart_bg_position=&#8221;center-center&#8221; css=&#8221;.vc_custom_1757064260793{margin-top: 100px !important;margin-bottom: 0px !important;padding-top: 50px !important;padding-right: 50px !important;padding-bottom: 50px !important;padding-left: 50px !important;}&#8221; mobile_bg_img_hidden=&#8221;no&#8221; tablet_bg_img_hidden=&#8221;no&#8221; woodmart_parallax=&#8221;0&#8243; woodmart_gradient_switch=&#8221;yes&#8221; row_reverse_mobile=&#8221;0&#8243; row_reverse_tablet=&#8221;0&#8243; woodmart_disable_overflow=&#8221;0&#8243; woodmart_color_gradient=&#8221;rgba(0, 0, 0, 0.45)-0\/rgba(0, 0, 0, 0.45)-100\/|linear-gradient(left , rgba(0, 0, 0, 0.45) , rgba(0, 0, 0, 0.45) 100%)|linear|left&#8221; woodmart_css_id=&#8221;68baac3d5c105&#8243; responsive_spacing=&#8221;eyJwYXJhbV90eXBlIjoid29vZG1hcnRfcmVzcG9uc2l2ZV9zcGFjaW5nIiwic2VsZWN0b3JfaWQiOiI2OGJhYWMzZDVjMTA1Iiwic2hvcnRjb2RlIjoidmNfcm93IiwiZGF0YSI6eyJ0YWJsZXQiOnt9LCJtb2JpbGUiOnt9fX0=&#8221; woodmart_box_shadow=&#8221;no&#8221; wd_z_index=&#8221;no&#8221;][vc_column css=&#8221;.vc_custom_1619312496369{padding-right: 10px !important;padding-left: 10px !important;}&#8221; mobile_bg_img_hidden=&#8221;no&#8221; tablet_bg_img_hidden=&#8221;no&#8221; woodmart_parallax=&#8221;0&#8243; woodmart_sticky_column=&#8221;false&#8221; parallax_scroll=&#8221;no&#8221; mobile_reset_margin=&#8221;no&#8221; tablet_reset_margin=&#8221;no&#8221;][vc_column_text woodmart_inline=&#8221;no&#8221; text_larger=&#8221;no&#8221;]<\/p>\n<h2 style=\"text-align: center;\"><span style=\"color: #ffffff;\">Place an order for special event<\/span><\/h2>\n<p>[\/vc_column_text][vc_column_text woodmart_inline=&#8221;no&#8221; text_larger=&#8221;no&#8221;]<\/p>\n<p style=\"text-align: center;\"><span style=\"color: #ffffff;\">Do you have an event or an upcoming party in mind? We&#8217;ll be happy to provide you a free quote! Click the button below and fill out request now!<\/span><\/p>\n<p>[\/vc_column_text]<div id=\"wd-61abcf6254a6e\" class=\" wd-rs-61abcf6254a6e  wd-button-wrapper text-center\"><a href=\"http:\/\/funparty.ca\/en\/quotation\/\" title=\"\" style=\"--btn-color:#fff;--btn-color-hover:#333;\" class=\"btn btn-style-default btn-shape-semi-round btn-size-large\">Place an Order<\/a><\/div>[\/vc_column][\/vc_row][vc_row css_animation=&#8221;none&#8221; css=&#8221;.vc_custom_1757064283005{margin-top: 100px !important;margin-bottom: 50px !important;padding-bottom: 30px !important;background-color: #ff9800 !important;border-radius: 10px !important;}&#8221; mobile_bg_img_hidden=&#8221;no&#8221; tablet_bg_img_hidden=&#8221;no&#8221; woodmart_parallax=&#8221;0&#8243; woodmart_gradient_switch=&#8221;no&#8221; row_reverse_mobile=&#8221;0&#8243; row_reverse_tablet=&#8221;0&#8243; woodmart_disable_overflow=&#8221;0&#8243; woodmart_css_id=&#8221;68baac50d4389&#8243; responsive_spacing=&#8221;eyJwYXJhbV90eXBlIjoid29vZG1hcnRfcmVzcG9uc2l2ZV9zcGFjaW5nIiwic2VsZWN0b3JfaWQiOiI2OGJhYWM1MGQ0Mzg5Iiwic2hvcnRjb2RlIjoidmNfcm93IiwiZGF0YSI6eyJ0YWJsZXQiOnt9LCJtb2JpbGUiOnt9fX0=&#8221; woodmart_box_shadow=&#8221;no&#8221; wd_z_index=&#8221;no&#8221;][vc_column][vc_column_text woodmart_inline=&#8221;no&#8221; text_larger=&#8221;no&#8221;]<\/p>\n<h2 style=\"text-align: center;\"><span style=\"color: #ffffff;\">Start Preparing for the Holiday Season<\/span><\/h2>\n<p>[\/vc_column_text][vc_column_text woodmart_inline=&#8221;no&#8221; text_larger=&#8221;no&#8221;]<\/p>\n<p style=\"text-align: center;\"><span style=\"color: #ffffff;\">Already have an idea of your dream party? Feel free to contact us to place your order, so we can get things going!<\/span><\/p>\n<p>[\/vc_column_text]<div id=\"wd-61abcf752038c\" class=\" wd-rs-61abcf752038c  wd-button-wrapper text-center\"><a href=\"http:\/\/funparty.ca\/quotation\/\" title=\"\" style=\"--btn-color:#fff;--btn-color-hover:#333;\" class=\"btn btn-style-default btn-shape-semi-round btn-size-large\">Place an Order<\/a><\/div>[\/vc_column][\/vc_row][vc_row css_animation=&#8221;none&#8221; css=&#8221;.vc_custom_1757064299211{margin-top: 50px !important;margin-bottom: 0px !important;}&#8221; mobile_bg_img_hidden=&#8221;no&#8221; tablet_bg_img_hidden=&#8221;no&#8221; woodmart_parallax=&#8221;0&#8243; woodmart_gradient_switch=&#8221;no&#8221; row_reverse_mobile=&#8221;0&#8243; row_reverse_tablet=&#8221;0&#8243; woodmart_disable_overflow=&#8221;0&#8243; woodmart_css_id=&#8221;68baac641c0f9&#8243; responsive_spacing=&#8221;eyJwYXJhbV90eXBlIjoid29vZG1hcnRfcmVzcG9uc2l2ZV9zcGFjaW5nIiwic2VsZWN0b3JfaWQiOiI2OGJhYWM2NDFjMGY5Iiwic2hvcnRjb2RlIjoidmNfcm93IiwiZGF0YSI6eyJ0YWJsZXQiOnt9LCJtb2JpbGUiOnt9fX0=&#8221; woodmart_box_shadow=&#8221;no&#8221; wd_z_index=&#8221;no&#8221;][vc_column][vc_column_text woodmart_inline=&#8221;no&#8221; text_larger=&#8221;no&#8221;]<\/p>\n<h2 style=\"text-align: center;\">Happy Children and Parents<\/h2>\n<p>[\/vc_column_text][vc_separator color=&#8221;custom&#8221; style=&#8221;dashed&#8221; border_width=&#8221;3&#8243; el_width=&#8221;10&#8243; css=&#8221;.vc_custom_1619299647047{margin-top: -10px !important;}&#8221; accent_color=&#8221;#ff9800&#8243;][vc_column_text woodmart_inline=&#8221;no&#8221; text_larger=&#8221;no&#8221;]<\/p>\n<p style=\"text-align: center;\">We&#8217;d love to share with you some of our clients funniest experiences in a few snapshots! Send us yours and we&#8217;ll feature them in our gallery.<\/p>\n<p>[\/vc_column_text][\/vc_column][\/vc_row][vc_row full_width=&#8221;stretch_row&#8221; css_animation=&#8221;none&#8221; css=&#8221;.vc_custom_1757064318341{margin-top: 10px !important;margin-bottom: 100px !important;}&#8221; mobile_bg_img_hidden=&#8221;no&#8221; tablet_bg_img_hidden=&#8221;no&#8221; woodmart_parallax=&#8221;0&#8243; woodmart_gradient_switch=&#8221;no&#8221; row_reverse_mobile=&#8221;0&#8243; row_reverse_tablet=&#8221;0&#8243; woodmart_disable_overflow=&#8221;0&#8243; woodmart_css_id=&#8221;68baac7561d24&#8243; responsive_spacing=&#8221;eyJwYXJhbV90eXBlIjoid29vZG1hcnRfcmVzcG9uc2l2ZV9zcGFjaW5nIiwic2VsZWN0b3JfaWQiOiI2OGJhYWM3NTYxZDI0Iiwic2hvcnRjb2RlIjoidmNfcm93IiwiZGF0YSI6eyJ0YWJsZXQiOnt9LCJtb2JpbGUiOnt9fX0=&#8221; woodmart_box_shadow=&#8221;no&#8221; wd_z_index=&#8221;no&#8221;][vc_column woodmart_text_align=&#8221;center&#8221; mobile_bg_img_hidden=&#8221;no&#8221; tablet_bg_img_hidden=&#8221;no&#8221; woodmart_parallax=&#8221;0&#8243; woodmart_sticky_column=&#8221;false&#8221; parallax_scroll=&#8221;no&#8221; mobile_reset_margin=&#8221;no&#8221; tablet_reset_margin=&#8221;no&#8221;][vc_gallery type=&#8221;nivo&#8221; interval=&#8221;3&#8243; images=&#8221;164,163,162,161,160,159,147,148,149,137,138,150,151,139,153,140,152,141,154,142,143,155,156,144,157,145,146,158&#8243; img_size=&#8221;1500&#215;800&#8243;][\/vc_column][\/vc_row]<\/p>\n<\/div>","protected":false},"excerpt":{"rendered":"<p>[vc_row css_animation=&#8221;none&#8221; css=&#8221;.vc_custom_1757064198288{margin-top: 50px !important;margin-bottom: 50px !important;}&#8221; mobile_bg_img_hidden=&#8221;no&#8221; tablet_bg_img_hidden=&#8221;no&#8221; woodmart_parallax=&#8221;0&#8243; woodmart_gradient_switch=&#8221;no&#8221; row_reverse_mobile=&#8221;0&#8243; row_reverse_tablet=&#8221;0&#8243; woodmart_disable_overflow=&#8221;0&#8243; woodmart_css_id=&#8221;68baabfef0987&#8243; responsive_spacing=&#8221;eyJwYXJhbV90eXBlIjoid29vZG1hcnRfcmVzcG9uc2l2ZV9zcGFjaW5nIiwic2VsZWN0b3JfaWQiOiI2OGJhYWJmZWYwOTg3Iiwic2hvcnRjb2RlIjoidmNfcm93IiwiZGF0YSI6eyJ0YWJsZXQiOnt9LCJtb2JpbGUiOnt9fX0=&#8221; woodmart_box_shadow=&#8221;no&#8221; wd_z_index=&#8221;no&#8221;][vc_column][vc_custom_heading text=&#8221;Services&#8221; font_container=&#8221;tag:h2|font_size:48|text_align:center&#8221;<\/p>\n","protected":false},"author":1,"featured_media":4774,"parent":0,"menu_order":0,"comment_status":"closed","ping_status":"closed","template":"","meta":{"_yoast_wpseo_focuskw":"Our Services","_yoast_wpseo_title":"","_yoast_wpseo_metadesc":"Fun Party, l\u2019entreprise leadeur en location des mascottes, jeux gonflables et \u00e9quipement pour les \u00e9v\u00e9nements et les f\u00eates!","_yoast_wpseo_meta-robots-noindex":"","_yoast_wpseo_meta-robots-nofollow":"","_yoast_wpseo_canonical":"","footnotes":""},"class_list":["post-35","page","type-page","status-publish","has-post-thumbnail","hentry"],"yoast_head":"<!-- This site is optimized with the Yoast SEO plugin v27.5 - https:\/\/yoast.com\/product\/yoast-seo-wordpress\/ -->\n<title>Services - Fun Party - Location de Mascotte et Jeux Gonflables au Quebec<\/title>\n<meta name=\"description\" content=\"Fun Party, l\u2019entreprise leadeur en location des mascottes, jeux gonflables et \u00e9quipement pour les \u00e9v\u00e9nements et les f\u00eates!\" \/>\n<meta name=\"robots\" content=\"index, follow, max-snippet:-1, max-image-preview:large, max-video-preview:-1\" \/>\n<link rel=\"canonical\" href=\"https:\/\/funparty.ca\/en\/services\/\" \/>\n<meta property=\"og:locale\" content=\"en_US\" \/>\n<meta property=\"og:type\" content=\"article\" \/>\n<meta property=\"og:title\" content=\"Fun Party - Mascot Rental and Inflatable Games in Quebec\" \/>\n<meta property=\"og:description\" content=\"Fun Party - Mascot Rental and Inflatable Games in Quebec\" \/>\n<meta property=\"og:url\" content=\"https:\/\/funparty.ca\/en\/services\/\" \/>\n<meta property=\"og:site_name\" content=\"Fun Party - Location de Mascotte et Jeux Gonflables au Quebec\" \/>\n<meta property=\"article:modified_time\" content=\"2025-09-05T09:25:27+00:00\" \/>\n<meta property=\"og:image\" content=\"https:\/\/funparty.ca\/wp-content\/uploads\/2024\/06\/250x250.jpg\" \/>\n\t<meta property=\"og:image:width\" content=\"249\" \/>\n\t<meta property=\"og:image:height\" content=\"249\" \/>\n\t<meta property=\"og:image:type\" content=\"image\/jpeg\" \/>\n<meta name=\"twitter:card\" content=\"summary_large_image\" \/>\n<meta name=\"twitter:label1\" content=\"Est. reading time\" \/>\n\t<meta name=\"twitter:data1\" content=\"4 minutes\" \/>\n<script type=\"application\/ld+json\" class=\"yoast-schema-graph\">{\"@context\":\"https:\\\/\\\/schema.org\",\"@graph\":[{\"@type\":\"WebPage\",\"@id\":\"https:\\\/\\\/funparty.ca\\\/en\\\/services\\\/\",\"url\":\"https:\\\/\\\/funparty.ca\\\/en\\\/services\\\/\",\"name\":\"Services - Fun Party - Location de Mascotte et Jeux Gonflables au Quebec\",\"isPartOf\":{\"@id\":\"https:\\\/\\\/funparty.ca\\\/en\\\/#website\"},\"primaryImageOfPage\":{\"@id\":\"https:\\\/\\\/funparty.ca\\\/en\\\/services\\\/#primaryimage\"},\"image\":{\"@id\":\"https:\\\/\\\/funparty.ca\\\/en\\\/services\\\/#primaryimage\"},\"thumbnailUrl\":\"https:\\\/\\\/funparty.ca\\\/wp-content\\\/uploads\\\/2022\\\/03\\\/250x250.jpg\",\"datePublished\":\"2021-04-23T11:10:42+00:00\",\"dateModified\":\"2025-09-05T09:25:27+00:00\",\"description\":\"Fun Party, l\u2019entreprise leadeur en location des mascottes, jeux gonflables et \u00e9quipement pour les \u00e9v\u00e9nements et les f\u00eates!\",\"breadcrumb\":{\"@id\":\"https:\\\/\\\/funparty.ca\\\/en\\\/services\\\/#breadcrumb\"},\"inLanguage\":\"en-US\",\"potentialAction\":[{\"@type\":\"ReadAction\",\"target\":[\"https:\\\/\\\/funparty.ca\\\/en\\\/services\\\/\"]}]},{\"@type\":\"ImageObject\",\"inLanguage\":\"en-US\",\"@id\":\"https:\\\/\\\/funparty.ca\\\/en\\\/services\\\/#primaryimage\",\"url\":\"https:\\\/\\\/funparty.ca\\\/wp-content\\\/uploads\\\/2022\\\/03\\\/250x250.jpg\",\"contentUrl\":\"https:\\\/\\\/funparty.ca\\\/wp-content\\\/uploads\\\/2022\\\/03\\\/250x250.jpg\",\"width\":249,\"height\":249,\"caption\":\"FunParty\"},{\"@type\":\"BreadcrumbList\",\"@id\":\"https:\\\/\\\/funparty.ca\\\/en\\\/services\\\/#breadcrumb\",\"itemListElement\":[{\"@type\":\"ListItem\",\"position\":1,\"name\":\"Home\",\"item\":\"https:\\\/\\\/funparty.ca\\\/en\\\/\"},{\"@type\":\"ListItem\",\"position\":2,\"name\":\"Services\"}]},{\"@type\":\"WebSite\",\"@id\":\"https:\\\/\\\/funparty.ca\\\/en\\\/#website\",\"url\":\"https:\\\/\\\/funparty.ca\\\/en\\\/\",\"name\":\"Fun Party - Location de Mascotte et Jeux Gonflables au Quebec\",\"description\":\"Location de mascottes et Jeux Gonflables a Montreal, Mascottes a louer, animation mascotte, mascottes a Montreal\",\"potentialAction\":[{\"@type\":\"SearchAction\",\"target\":{\"@type\":\"EntryPoint\",\"urlTemplate\":\"https:\\\/\\\/funparty.ca\\\/en\\\/?s={search_term_string}\"},\"query-input\":{\"@type\":\"PropertyValueSpecification\",\"valueRequired\":true,\"valueName\":\"search_term_string\"}}],\"inLanguage\":\"en-US\"}]}<\/script>\n<!-- \/ Yoast SEO plugin. -->","yoast_head_json":{"title":"Services - Fun Party - Location de Mascotte et Jeux Gonflables au Quebec","description":"Fun Party, l\u2019entreprise leadeur en location des mascottes, jeux gonflables et \u00e9quipement pour les \u00e9v\u00e9nements et les f\u00eates!","robots":{"index":"index","follow":"follow","max-snippet":"max-snippet:-1","max-image-preview":"max-image-preview:large","max-video-preview":"max-video-preview:-1"},"canonical":"https:\/\/funparty.ca\/en\/services\/","og_locale":"en_US","og_type":"article","og_title":"Fun Party - Mascot Rental and Inflatable Games in Quebec","og_description":"Fun Party - Mascot Rental and Inflatable Games in Quebec","og_url":"https:\/\/funparty.ca\/en\/services\/","og_site_name":"Fun Party - Location de Mascotte et Jeux Gonflables au Quebec","article_modified_time":"2025-09-05T09:25:27+00:00","og_image":[{"width":249,"height":249,"url":"https:\/\/funparty.ca\/wp-content\/uploads\/2024\/06\/250x250.jpg","type":"image\/jpeg"}],"twitter_card":"summary_large_image","twitter_misc":{"Est. reading time":"4 minutes"},"schema":{"@context":"https:\/\/schema.org","@graph":[{"@type":"WebPage","@id":"https:\/\/funparty.ca\/en\/services\/","url":"https:\/\/funparty.ca\/en\/services\/","name":"Services - Fun Party - Location de Mascotte et Jeux Gonflables au Quebec","isPartOf":{"@id":"https:\/\/funparty.ca\/en\/#website"},"primaryImageOfPage":{"@id":"https:\/\/funparty.ca\/en\/services\/#primaryimage"},"image":{"@id":"https:\/\/funparty.ca\/en\/services\/#primaryimage"},"thumbnailUrl":"https:\/\/funparty.ca\/wp-content\/uploads\/2022\/03\/250x250.jpg","datePublished":"2021-04-23T11:10:42+00:00","dateModified":"2025-09-05T09:25:27+00:00","description":"Fun Party, l\u2019entreprise leadeur en location des mascottes, jeux gonflables et \u00e9quipement pour les \u00e9v\u00e9nements et les f\u00eates!","breadcrumb":{"@id":"https:\/\/funparty.ca\/en\/services\/#breadcrumb"},"inLanguage":"en-US","potentialAction":[{"@type":"ReadAction","target":["https:\/\/funparty.ca\/en\/services\/"]}]},{"@type":"ImageObject","inLanguage":"en-US","@id":"https:\/\/funparty.ca\/en\/services\/#primaryimage","url":"https:\/\/funparty.ca\/wp-content\/uploads\/2022\/03\/250x250.jpg","contentUrl":"https:\/\/funparty.ca\/wp-content\/uploads\/2022\/03\/250x250.jpg","width":249,"height":249,"caption":"FunParty"},{"@type":"BreadcrumbList","@id":"https:\/\/funparty.ca\/en\/services\/#breadcrumb","itemListElement":[{"@type":"ListItem","position":1,"name":"Home","item":"https:\/\/funparty.ca\/en\/"},{"@type":"ListItem","position":2,"name":"Services"}]},{"@type":"WebSite","@id":"https:\/\/funparty.ca\/en\/#website","url":"https:\/\/funparty.ca\/en\/","name":"Fun Party - Location de Mascotte et Jeux Gonflables au Quebec","description":"Location de mascottes et Jeux Gonflables a Montreal, Mascottes a louer, animation mascotte, mascottes a Montreal","potentialAction":[{"@type":"SearchAction","target":{"@type":"EntryPoint","urlTemplate":"https:\/\/funparty.ca\/en\/?s={search_term_string}"},"query-input":{"@type":"PropertyValueSpecification","valueRequired":true,"valueName":"search_term_string"}}],"inLanguage":"en-US"}]}},"_links":{"self":[{"href":"https:\/\/funparty.ca\/en\/wp-json\/wp\/v2\/pages\/35","targetHints":{"allow":["GET"]}}],"collection":[{"href":"https:\/\/funparty.ca\/en\/wp-json\/wp\/v2\/pages"}],"about":[{"href":"https:\/\/funparty.ca\/en\/wp-json\/wp\/v2\/types\/page"}],"author":[{"embeddable":true,"href":"https:\/\/funparty.ca\/en\/wp-json\/wp\/v2\/users\/1"}],"replies":[{"embeddable":true,"href":"https:\/\/funparty.ca\/en\/wp-json\/wp\/v2\/comments?post=35"}],"version-history":[{"count":0,"href":"https:\/\/funparty.ca\/en\/wp-json\/wp\/v2\/pages\/35\/revisions"}],"wp:featuredmedia":[{"embeddable":true,"href":"https:\/\/funparty.ca\/en\/wp-json\/wp\/v2\/media\/4774"}],"wp:attachment":[{"href":"https:\/\/funparty.ca\/en\/wp-json\/wp\/v2\/media?parent=35"}],"curies":[{"name":"wp","href":"https:\/\/api.w.org\/{rel}","templated":true}]}}